{"id":92,"date":"2018-04-02T15:58:21","date_gmt":"2018-04-02T13:58:21","guid":{"rendered":"http:\/\/web7.twominutes.de\/prachtklang2\/?page_id=92"},"modified":"2018-06-29T12:08:44","modified_gmt":"2018-06-29T10:08:44","slug":"klangarbeit","status":"publish","type":"page","link":"https:\/\/www.prachtklang.de\/?page_id=92","title":{"rendered":"Klang"},"content":{"rendered":"<blockquote>\n<h2 style=\"text-align: center;\"><strong><span style=\"color: #ffcc00;\"><img loading=\"lazy\" decoding=\"async\" class=\"alignnone size-full wp-image-343\" src=\"https:\/\/mapra.uber.space\/wp-content\/uploads\/2018\/06\/I-Phone-Jan-2015-Okt-2015-486.jpg\" alt=\"\" width=\"1280\" height=\"720\" srcset=\"https:\/\/www.prachtklang.de\/wp-content\/uploads\/2018\/06\/I-Phone-Jan-2015-Okt-2015-486.jpg 1280w, https:\/\/www.prachtklang.de\/wp-content\/uploads\/2018\/06\/I-Phone-Jan-2015-Okt-2015-486-300x169.jpg 300w, https:\/\/www.prachtklang.de\/wp-content\/uploads\/2018\/06\/I-Phone-Jan-2015-Okt-2015-486-768x432.jpg 768w, https:\/\/www.prachtklang.de\/wp-content\/uploads\/2018\/06\/I-Phone-Jan-2015-Okt-2015-486-1024x576.jpg 1024w\" sizes=\"auto, (max-width: 706px) 89vw, (max-width: 767px) 82vw, 740px\" \/>Klang vermittelt unsichtbar, aber h\u00f6rbar und f\u00fchlbar Botschaften.<\/span><\/strong><\/h2>\n<p style=\"text-align: center;\"><span style=\"color: #ffcc00;\"><em>Klang h\u00fcllt ein,<\/em><\/span><\/p>\n<p style=\"text-align: center;\"><span style=\"color: #ffcc00;\"><em>Klang tr\u00e4gt.<\/em><\/span><\/p>\n<p style=\"padding-left: 30px; text-align: center;\"><span style=\"color: #ffcc00;\"><em>Klang verbindet,<\/em><\/span><\/p>\n<p style=\"text-align: center;\"><span style=\"color: #ffcc00;\"><em>Klang hallt nach, wirkt nach.<\/em><\/span><\/p>\n<p style=\"text-align: center;\"><span style=\"color: #ffcc00;\"><em>Klang verf\u00fchrt,<\/em><\/span><\/p>\n<p style=\"text-align: center;\"><span style=\"color: #ffcc00;\"><em>Klang erf\u00fcllt.<\/em><\/span><\/p>\n<p style=\"text-align: center;\"><span style=\"color: #000000;\"><em>Ihnen fehlen manchmal die Worte?<\/em><\/span><\/p>\n<\/blockquote>\n<p style=\"text-align: center;\">Sie wissen manchmal nicht, wo Ihnen der Kopf steht?<\/p>\n<p style=\"text-align: center;\">Sie haben keine Ahnung, was Sie wollen, wohin Sie wollen, was Sie bewegt?<\/p>\n<p style=\"text-align: center;\">Sie haben keine Ahnung, ob Sie sich selbst sp\u00fcren und wissen nicht, wie das geht?<\/p>\n<p>&nbsp;<\/p>\n<p style=\"text-align: center;\"><span style=\"color: #ffcc00;\">Klang versetzt Sie in vibrierende Schwingung und bringt Sie in Schwung.<\/span><\/p>\n<p style=\"text-align: center;\"><span style=\"color: #ffcc00;\">Klang gibt Impulse, Anst\u00f6\u00dfe f\u00fcr eine neue Wahrnehmung.<\/span><\/p>\n<p style=\"text-align: center;\"><span style=\"color: #ffcc00;\">Klang schafft Raum.<\/span><\/p>\n<p style=\"text-align: center;\"><span style=\"color: #ffcc00;\">Klang begleitet Sie auf Ihrem Weg, den Sie befreit gehen k\u00f6nnen.<\/span><\/p>\n<p style=\"text-align: center;\"><strong><span style=\"color: #ffcc00;\">Geben Sie sich eine Chance.<\/span><\/strong><\/p>\n<p style=\"text-align: center;\"><span style=\"color: #ffcc00; font-size: 1.125rem; font-style: italic;\">Finden Sie zu Ihrem ganz pers\u00f6nlichen Klang, seien Sie im Einklang mit sich selbst und in innerer Harmonie. Kommen Sie ganz zur\u00fcck auf das Wesentliche: <strong>auf Sie selbst<\/strong>.\u00a0<\/span><\/p>\n<blockquote><p>&nbsp;<\/p>\n<p><span style=\"color: #ffcc00;\">Lesen Sie mehr in den n\u00e4chsten Kapiteln Klangmeditation, Klangmassage und Klangp\u00e4dagogik<img loading=\"lazy\" decoding=\"async\" class=\"alignnone size-full wp-image-167\" src=\"https:\/\/mapra.uber.space\/wp-content\/uploads\/2018\/06\/Konzerte-005.jpg\" alt=\"\" width=\"4256\" height=\"2832\" srcset=\"https:\/\/www.prachtklang.de\/wp-content\/uploads\/2018\/06\/Konzerte-005.jpg 4256w, https:\/\/www.prachtklang.de\/wp-content\/uploads\/2018\/06\/Konzerte-005-300x200.jpg 300w, https:\/\/www.prachtklang.de\/wp-content\/uploads\/2018\/06\/Konzerte-005-768x511.jpg 768w, https:\/\/www.prachtklang.de\/wp-content\/uploads\/2018\/06\/Konzerte-005-1024x681.jpg 1024w\" sizes=\"auto, (max-width: 706px) 89vw, (max-width: 767px) 82vw, 740px\" \/><\/span><\/p><\/blockquote>\n","protected":false},"excerpt":{"rendered":"<p>Klang vermittelt unsichtbar, aber h\u00f6rbar und f\u00fchlbar Botschaften. Klang h\u00fcllt ein, Klang tr\u00e4gt. Klang verbindet, Klang hallt nach, wirkt nach. Klang verf\u00fchrt, Klang erf\u00fcllt. Ihnen fehlen manchmal die Worte? Sie wissen manchmal nicht, wo Ihnen der Kopf steht? Sie haben keine Ahnung, was Sie wollen, wohin Sie wollen, was Sie bewegt? Sie haben keine Ahnung, &hellip; <\/p>\n<p class=\"link-more\"><a href=\"https:\/\/www.prachtklang.de\/?page_id=92\" class=\"more-link\"><span class=\"screen-reader-text\">\u201eKlang\u201c<\/span> weiterlesen<\/a><\/p>\n","protected":false},"author":1,"featured_media":0,"parent":0,"menu_order":0,"comment_status":"closed","ping_status":"closed","template":"","meta":{"footnotes":""},"class_list":["post-92","page","type-page","status-publish","hentry"],"_links":{"self":[{"href":"https:\/\/www.prachtklang.de\/index.php?rest_route=\/wp\/v2\/pages\/92","targetHints":{"allow":["GET"]}}],"collection":[{"href":"https:\/\/www.prachtklang.de\/index.php?rest_route=\/wp\/v2\/pages"}],"about":[{"href":"https:\/\/www.prachtklang.de\/index.php?rest_route=\/wp\/v2\/types\/page"}],"author":[{"embeddable":true,"href":"https:\/\/www.prachtklang.de\/index.php?rest_route=\/wp\/v2\/users\/1"}],"replies":[{"embeddable":true,"href":"https:\/\/www.prachtklang.de\/index.php?rest_route=%2Fwp%2Fv2%2Fcomments&post=92"}],"version-history":[{"count":16,"href":"https:\/\/www.prachtklang.de\/index.php?rest_route=\/wp\/v2\/pages\/92\/revisions"}],"predecessor-version":[{"id":347,"href":"https:\/\/www.prachtklang.de\/index.php?rest_route=\/wp\/v2\/pages\/92\/revisions\/347"}],"wp:attachment":[{"href":"https:\/\/www.prachtklang.de\/index.php?rest_route=%2Fwp%2Fv2%2Fmedia&parent=92"}],"curies":[{"name":"wp","href":"https:\/\/api.w.org\/{rel}","templated":true}]}}