{"id":82,"date":"2018-04-02T15:52:06","date_gmt":"2018-04-02T13:52:06","guid":{"rendered":"http:\/\/web7.twominutes.de\/prachtklang2\/?page_id=82"},"modified":"2022-12-04T00:11:23","modified_gmt":"2022-12-03T23:11:23","slug":"klangmassage","status":"publish","type":"page","link":"https:\/\/www.prachtklang.de\/?page_id=82","title":{"rendered":"Klangmassage"},"content":{"rendered":"<blockquote>\n<p style=\"text-align: center;\"><strong><span style=\"color: #008000;\">Lassen Sie sich von Musik massieren!<\/span><\/strong><\/p>\n<p><span style=\"color: #19b321;\"><em>&#8222;Der Ton der Klangschale ber\u00fchrt unser Innerstes, er bringt die Seele zum Schwingen. Der Klang l\u00f6st Spannungen, mobilisiert die Selbstheilungskr\u00e4fte und setzt sch\u00f6pferische Energien frei.&#8220; Zitat Peter Hess.<\/em><\/span><\/p>\n<p><img loading=\"lazy\" decoding=\"async\" class=\"size-full wp-image-371\" src=\"http:\/\/www.prachtklang.de\/wp-content\/uploads\/2018\/07\/pp-Ute-Martina-087.jpg\" alt=\"\" width=\"2048\" height=\"1363\" srcset=\"https:\/\/www.prachtklang.de\/wp-content\/uploads\/2018\/07\/pp-Ute-Martina-087.jpg 2048w, https:\/\/www.prachtklang.de\/wp-content\/uploads\/2018\/07\/pp-Ute-Martina-087-300x200.jpg 300w, https:\/\/www.prachtklang.de\/wp-content\/uploads\/2018\/07\/pp-Ute-Martina-087-768x511.jpg 768w, https:\/\/www.prachtklang.de\/wp-content\/uploads\/2018\/07\/pp-Ute-Martina-087-1024x682.jpg 1024w\" sizes=\"auto, (max-width: 706px) 89vw, (max-width: 767px) 82vw, 740px\" \/><\/p><\/blockquote>\n<p><span style=\"color: #339966;\"><em><strong>Erfahrungsberichte von Kunden bei Martina Pracht<\/strong><strong>\u00a0<\/strong><\/em><\/span><\/p>\n<p><span style=\"color: #339966;\"><em>&#8222;Seit 2011 leistet die Klangarbeit von Martina Pracht bei mir einen wichtigen Beitrag zu Wohlbefinden und Gesundheit. <\/em><\/span><\/p>\n<p><span style=\"color: #339966;\"><em>Nach einer schweren Erkrankung hatte ich immer wieder mit Ersch\u00f6pfung und Beschwerden zu k\u00e4mpfen, bei deren Behandlung andere Therapien an ihre Grenzen stie\u00dfen. Hier konnte Martina Pracht eine gro\u00dfe Entspannung erreichen und auch tiefliegende Blockaden l\u00f6sen, so dass diese Therapien endlich ihre volle Wirkung entfalten konnten.<\/em><\/span><\/p>\n<p><span style=\"color: #339966;\"><em>\u00dcber T\u00f6ne und Schallwellen werden ganz andere Ebenen angesprochen, so auch das Unterbewusstsein und emotionale Ebenen. T\u00fcren werden aufgesto\u00dfen und so die Basis f\u00fcr neue Heilungschancen gelegt.&#8220;<\/em><\/span><\/p>\n<p><span style=\"color: #339966;\"><em>anonym<\/em><\/span><\/p>\n<p><em><span style=\"color: #008000;\">&#8222;Martinas Klangmassage entspannt bereits nach wenigen T\u00f6nen, ich liebe besonders die ganz tiefen T\u00f6ne und Schwingungen. Ich bin generell eher ein Hektiker und mir f\u00e4llt es schwer, in die Ruhe zu kommen. Tinnitus habe ich seit vielen Jahren und die Erkrankung hindert mich daran, ein -oder durchzuschlafen. Eine Stunde Klangmassage ist wie 2 x ausschlafen, was auch meinem Tinnitus gut tut. &#8220; Peter<\/span><\/em><\/p>\n<div><em><span style=\"color: #008000;\">&#8222;Wir hatten schon diverse Klangschalenanwendungen bei Martina Luna Pracht, alleine, als Paar, auch schon als Familie. Jedesmal sind sie sehr ber\u00fchrend. Martina Luna kann mit ihrer Hellsichtigkeit sehr viele Schichten der Aura wahrnehmen und dann gezielt Blockaden aufl\u00f6sen. Einfach nur &#8211; absolut empfehlenswert!&#8220; Naima<\/span><\/em><\/div>\n<div><\/div>\n<div><\/div>\n<div><\/div>\n<p>Wie funktioniert Klangmassage?<\/p>\n<p>Wenn Sie einen Stein ins Wasser werfen, breiten sich Wellen aus, gleichm\u00e4\u00dfig, harmonisch und sanft. Diese ganz nat\u00fcrliche Form der Energieausbreitung ist der Kern einer Klangmassage. Dabei ruhen Klangschalen auf oder neben Ihrem K\u00f6rper und werden gezielt aktiviert. Diese Schalen sind unterschiedlich gro\u00df und variieren dadurch in der Tonh\u00f6he, wie im Schwingungsverhalten. F\u00fcr jede K\u00f6rperpartie gibt es die Schale in der passenden Frequenz. Die Vibrationen und Schwingungen \u00fcbertragen sich auf Sie und breiten sich im K\u00f6rper wellengleich aus, sie massieren Sie von innen. Die Zellstruktur ordnet sich erneut harmonisch <span style=\"font-size: 1rem;\">und richtet sich neu aus.\u00a0So f\u00fchrt eine Klangmassage zu einer tiefen Entspannung sowie einer ganzheitlich sp\u00fcrbaren Regeneration, Verspannungen und Blockaden l\u00f6sen sich.<br \/>\nSie f\u00fchlen sich besser.<\/span><\/p>\n<h2><span style=\"color: #666699;\"><img loading=\"lazy\" decoding=\"async\" class=\"alignleft wp-image-192 size-medium\" src=\"https:\/\/mapra.uber.space\/wp-content\/uploads\/2018\/06\/IMG_5755-300x225.jpg\" alt=\"\" width=\"300\" height=\"225\" srcset=\"https:\/\/www.prachtklang.de\/wp-content\/uploads\/2018\/06\/IMG_5755-300x225.jpg 300w, https:\/\/www.prachtklang.de\/wp-content\/uploads\/2018\/06\/IMG_5755-768x576.jpg 768w, https:\/\/www.prachtklang.de\/wp-content\/uploads\/2018\/06\/IMG_5755-1024x768.jpg 1024w\" sizes=\"auto, (max-width: 300px) 100vw, 300px\" \/><\/span><\/h2>\n<p>Die Klangmassage erm\u00f6glicht tiefe Entspannung, weil Klang das urspr\u00fcngliche Vertrauen anspricht und dadurch Bereitschaft zum Loslassen erzeugt. Sie kann die Gesundheit f\u00f6rdern, die K\u00f6rperwahrnehmung verbessern und l\u00e4sst die eigenen Ressourcen\u00a0<span style=\"font-size: 1rem;\">erkennen.\u00a0<\/span><span style=\"font-size: 1rem;\">4 Minuten Klangvibrationen durch die Klangschale auf beiden H\u00e4nden jeden Tag reduzieren nachweislich Stresssymptome. Laut einer Studie ist Ihr gesundheitlicher und seelischer Zustand nach einem halben Jahr kontinuierlicher Klanganwendungen auf einem deutlich positiveren Niveau l\u00e4ngere Zeit stabil.<\/span><\/p>\n<p>Auf der k\u00f6rperlichen Ebene sorgen die Klangvibrationen f\u00fcr eine L\u00f6sung der muskul\u00e4ren Verspannungen, eine bessere Durchblutung des Gewebes, eine bessere Zirkulation aller Gewebsfl\u00fcssigkeiten. Der Puls normalisiert sich. Schmerzen k\u00f6nnen gemildert werden. Im Verdauungsapparat l\u00f6sen sich Schlacken und k\u00f6nnen abtransportiert werden. Auf der seelischen Ebene wirken die Kl\u00e4nge beruhigend, Vertrauen gebend und stimmungsaufhellend. Sie erm\u00f6glichen sich auf liebevolle Weise selbst zu begegnen.<\/p>\n<p><img loading=\"lazy\" decoding=\"async\" class=\"wp-image-267 size-medium alignleft\" src=\"https:\/\/mapra.uber.space\/wp-content\/uploads\/2018\/06\/pp-Ute-Martina-250-200x300.jpg\" alt=\"\" width=\"200\" height=\"300\" srcset=\"https:\/\/www.prachtklang.de\/wp-content\/uploads\/2018\/06\/pp-Ute-Martina-250-200x300.jpg 200w, https:\/\/www.prachtklang.de\/wp-content\/uploads\/2018\/06\/pp-Ute-Martina-250-768x1155.jpg 768w, https:\/\/www.prachtklang.de\/wp-content\/uploads\/2018\/06\/pp-Ute-Martina-250-681x1024.jpg 681w, https:\/\/www.prachtklang.de\/wp-content\/uploads\/2018\/06\/pp-Ute-Martina-250.jpg 1362w\" sizes=\"auto, (max-width: 200px) 100vw, 200px\" \/><\/p>\n<p><strong>Klangmassage im Liegen:<\/strong> Die Klangschalen werden auf beiden K\u00f6rperseiten auf den K\u00f6rper aufgestellt. Dabei suchen wir vorab die Klangschalen aus, die zu Ihnen passen, deren Klang Ihnen am besten gef\u00e4llt. Vor der Klangmassage f\u00fchren wir ein kurzes, informatives Gespr\u00e4ch zur Abkl\u00e4rung Ihrer Situation und Ihres Anliegens. Es wird immer nur das passieren, was Sie sich w\u00fcnschen. Die Klangmassage ist ganz auf Ihre Bed\u00fcrfnisse abgestimmt.<\/p>\n<p><strong><img loading=\"lazy\" decoding=\"async\" class=\"alignleft wp-image-163 size-medium\" src=\"https:\/\/mapra.uber.space\/wp-content\/uploads\/2018\/06\/IMG_4462-300x225.jpg\" alt=\"\" width=\"300\" height=\"225\" srcset=\"https:\/\/www.prachtklang.de\/wp-content\/uploads\/2018\/06\/IMG_4462-300x225.jpg 300w, https:\/\/www.prachtklang.de\/wp-content\/uploads\/2018\/06\/IMG_4462-768x576.jpg 768w, https:\/\/www.prachtklang.de\/wp-content\/uploads\/2018\/06\/IMG_4462-1024x768.jpg 1024w\" sizes=\"auto, (max-width: 300px) 100vw, 300px\" \/>Klangmassage im Sitzen:<\/strong> Sie sitzen bequem auf einem Stuhl, die F\u00fc\u00dfe auf einem Kissen, die Arme entspannt auf der Lehne und lassen die Klangschalen zu Ihren F\u00fc\u00dfen, auf dem Scho\u00df oder den H\u00e4nden ruhen. Die Schalen werden klingend um sie herum, vorne und im R\u00fccken, in Ihrer Aura bewegt. Die Aurabehandlung ist ebenso effektiv, wie das Aufstellen der Schalen und f\u00fchrt genauso zu einer tiefen Entspannung. Die Klangmassage im Sitzen empfiehlt sich unter asnderem bei \u00e4lteren Menschen mit niedrigem Kreislauf. Was Ihnen mehr zusagt, erfahren Sie durch Ausprobieren.<\/p>\n<p>Eine Kombination beider Methoden ist jederzeit m\u00f6glich.<\/p>\n<p>Kontraindikationen f\u00fcr Klangmassage gibt es auch und sollten vorher im Vorgespr\u00e4ch abgekl\u00e4rt werden.<\/p>\n<p>Erleben Sie, wie positiv Klangschalen sich auf Ihr Wohlbefinden auswirken, wie Sie <strong>einfach <\/strong>entspannen k\u00f6nnen und einmal nur sich selbst geh\u00f6ren. Vielleicht machen Sie die Erfahrung, dass Ihr Gedankenkarussell etwas zum Stillstand kommt. Genie\u00dfen Sie Ruhe und tanken Sie neue Energie.<\/p>\n<blockquote><p><span style=\"color: #008000;\">Vereinbaren Sie einen Schnuppertermin zum ersten Kennenlernen!<\/span><\/p><\/blockquote>\n<p><span style=\"color: #008000;\">Partnerklangmassage<\/span><span style=\"color: #333333; font-size: 1rem;\">: kommen Sie zu Zweit und genie\u00dfen Sie gemeinsam Ihren\u00a0 harmonischen Gleichklang.\u00a0<\/span><\/p>\n<p><span style=\"color: #008000;\">Duft und Klang:<\/span> eine unschlagbare Kombination! Wir w\u00e4hlen aus den naturreinen \u00e4therischen \u00d6len die f\u00fcr Sie passenden aus. Gemischt mit fraktioniertem Kokos\u00f6l als Tr\u00e4gersubstanz werden F\u00fc\u00dfe und H\u00e4nde, aber auch Nacken und Schulterpartie einge\u00f6lt und massiert. \u00dcber den Diffuser werden Aromen in der Luft verteilt. Entschweben Sie sanft in duftender Klangatmosph\u00e4re&#8230; Ein maximales Plus an Entspannung!<\/p>\n<blockquote>\n<div><\/div>\n<div><\/div>\n<div><\/div>\n<\/blockquote>\n","protected":false},"excerpt":{"rendered":"<p>Lassen Sie sich von Musik massieren! &#8222;Der Ton der Klangschale ber\u00fchrt unser Innerstes, er bringt die Seele zum Schwingen. Der Klang l\u00f6st Spannungen, mobilisiert die Selbstheilungskr\u00e4fte und setzt sch\u00f6pferische Energien frei.&#8220; Zitat Peter Hess. Erfahrungsberichte von Kunden bei Martina Pracht\u00a0 &#8222;Seit 2011 leistet die Klangarbeit von Martina Pracht bei mir einen wichtigen Beitrag zu Wohlbefinden &hellip; <\/p>\n<p class=\"link-more\"><a href=\"https:\/\/www.prachtklang.de\/?page_id=82\" class=\"more-link\"><span class=\"screen-reader-text\">\u201eKlangmassage\u201c<\/span> weiterlesen<\/a><\/p>\n","protected":false},"author":1,"featured_media":0,"parent":92,"menu_order":0,"comment_status":"closed","ping_status":"closed","template":"","meta":{"footnotes":""},"class_list":["post-82","page","type-page","status-publish","hentry"],"_links":{"self":[{"href":"https:\/\/www.prachtklang.de\/index.php?rest_route=\/wp\/v2\/pages\/82","targetHints":{"allow":["GET"]}}],"collection":[{"href":"https:\/\/www.prachtklang.de\/index.php?rest_route=\/wp\/v2\/pages"}],"about":[{"href":"https:\/\/www.prachtklang.de\/index.php?rest_route=\/wp\/v2\/types\/page"}],"author":[{"embeddable":true,"href":"https:\/\/www.prachtklang.de\/index.php?rest_route=\/wp\/v2\/users\/1"}],"replies":[{"embeddable":true,"href":"https:\/\/www.prachtklang.de\/index.php?rest_route=%2Fwp%2Fv2%2Fcomments&post=82"}],"version-history":[{"count":29,"href":"https:\/\/www.prachtklang.de\/index.php?rest_route=\/wp\/v2\/pages\/82\/revisions"}],"predecessor-version":[{"id":582,"href":"https:\/\/www.prachtklang.de\/index.php?rest_route=\/wp\/v2\/pages\/82\/revisions\/582"}],"up":[{"embeddable":true,"href":"https:\/\/www.prachtklang.de\/index.php?rest_route=\/wp\/v2\/pages\/92"}],"wp:attachment":[{"href":"https:\/\/www.prachtklang.de\/index.php?rest_route=%2Fwp%2Fv2%2Fmedia&parent=82"}],"curies":[{"name":"wp","href":"https:\/\/api.w.org\/{rel}","templated":true}]}}