{"id":320,"date":"2018-06-26T19:45:55","date_gmt":"2018-06-26T17:45:55","guid":{"rendered":"http:\/\/web7.twominutes.de\/prachtklang2\/?page_id=320"},"modified":"2023-03-10T14:50:51","modified_gmt":"2023-03-10T13:50:51","slug":"heilkreis-fuer-frauen","status":"publish","type":"page","link":"https:\/\/www.prachtklang.de\/?page_id=320","title":{"rendered":"Heilkreis f\u00fcr Frauen"},"content":{"rendered":"<blockquote>\n<h1><span style=\"color: #ed2b75;\"><strong>Liebe Frauen!<\/strong><\/span><\/h1>\n<\/blockquote>\n<p>In euch liegt eine gro\u00dfe Kraft, die Kraft der Shakti, die Urweiblichkeit. Sie m\u00f6chte gelebt werden! Macht sie euch zunutze, um euren Alltag zu meistern, um eure N\u00e4chsten zu lieben, um euer Leben\u00a0 und das Leben \u00fcberhaupt zu feiern. Verbindet euch, k\u00e4mpft nicht mehr alleine oder gar gegeneinander, sondern st\u00e4rkt euch gegenseitig!<\/p>\n<p>In den Frauenheilkreisen vereinen wir unsere Energien, jede von uns wird getragen durch die gemeinsame Kraft. Angebunden an den Mond, \u00a0heilen wir unsere Wunden aus der Vergangenheit, erl\u00f6sen wir bindende Emotionen und Erinnerungen, befreien wir uns von Zorn, Wut, Rachegef\u00fchlen, Einsamkeit, Leid und Trauer. Mit neu gewonnener Klarheit r\u00e4umen wir unser Leben auf, setzen wir neue Ma\u00dfst\u00e4be. Wir entdecken uns selbst neu, kraftvoll, friedvoll, lebendig und liebend. Wir sind in der Lage ein neues Bild\u00a0 unseres Seins als Frauen entstehen zu lassen und wir gestatten uns unseren Raum neu zu definieren und unseren Platz einzunehmen.<\/p>\n<h1><span style=\"color: #ff9900;\"><strong>Grenzen sprengen! Coaching mit der Mondin<\/strong><\/span><\/h1>\n<p>Wie oft haben wir uns in der Vergangenheit gedacht: &#8222;Ach wie sch\u00f6n w\u00e4re es, einfach das tun zu k\u00f6nnen, wonach mir wirklich ist.&#8220; Und wie viele Gr\u00fcnde haben wir gefunden, es nicht zu tun. Im Laufe unseres Lebens begegnen uns immer wieder Situationen, wo wir die Wahl hatten uns f\u00fcr uns zu entscheiden und wie oft taten wir genau das nicht. In diesem Coaching r\u00e4umen wir auf mit den Begrenzungen, woher sie auch immer kommen m\u00f6gen. Wir begegnen uns selbst in der Tiefe und erkennen uns selbst.<\/p>\n<h2><strong>Hier seht ihr das neue, in 4 Modulen aufgebaute Programm:<\/strong><\/h2>\n<h2><span style=\"color: #ff0000;\"><strong>Modul\u00a0 1: Wir heilen unsere Herkunft, wir heilen unsere Ahnenreihe<\/strong><\/span><\/h2>\n<p>In einem Ahnenheilungsritual segnen und befreien wir die Themen aus unserer Ahnenreihe. Erst wenn wir Frieden machen mit den Themen unserer Ahnen, die an uns weiter gegeben wurden, werden wir im Einklang mit uns selbst sein. Die Wandlung erfordert mindestens zwei Wochen.\u00a0<\/p>\n<h2><span style=\"color: #ff9900;\"><strong>Modul\u00a0 2<\/strong>: <strong>Wer bin ich wirklich?\u00a0<\/strong><\/span><span style=\"color: #ff9900;\"><strong>Wir binden uns\u00a0 an unseren eigenen Seelenhimmel an<\/strong><\/span><\/h2>\n<p>In tiefen Meditationen nehmen wir Kontakt zu uns selbst auf. Wir begegnen unseren ureigenen Qualit\u00e4ten, wir erkennen unsere Bestimmung und was unser Auftrag ist in diesem Leben. Wir treffen unsere geistigen Helfer auf diesem Weg. Ich begleite dich und helfe dir in deine Kraft. Ein 1:1-Coaching ist ebenfalls m\u00f6glich und extra buchbar<\/p>\n<h2><span style=\"color: #00ccff;\"><strong>Modul\u00a0 3:<\/strong> <strong>Entscheide dich f\u00fcr das Leben, die Liebe und ein Leben in Freiheit.\u00a0<\/strong><\/span><\/h2>\n<p>Wir l\u00f6sen alte\u00a0 Muster, Glaubenss\u00e4tze und Blockaden, die uns bisher im Weg standen und machen Frieden mit unserer Vergangenheit. Wir nehmen, was bisher geschah an und akzeptieren es als wichtige Bausteine des Wachstums und der Reife. Genie\u00dfe die Befreiung durch einen tiefen Release. Wir machen den Weg frei und er\u00f6ffnen den eigenen Raum. Es entsteht eine Vision f\u00fcr dein Leben.<\/p>\n<h2><span style=\"color: #ff00ff;\"><strong>Modul 4: Die weibliche Kraft<\/strong><\/span><\/h2>\n<p>Yin und Yang im Ausgleich- &#8222;Frau-Sein&#8220; in der neuen Zeit: erlebe dich komplett neu, kreiere deinen Space, finde deine Gruppe, begib dich in ein st\u00e4rkendes Feld neuer Energie mit Frauen, die genauso ticken wie du selbst. Widme dich deiner Aufgabe in Hingabe in der Gemeinschaft gleichklingender Seelen. Manifestiere deine Vision einer gesunden, gl\u00fccklichen Welt und hebe deine Frequenz auf ein neues Niveau.\u00a0<\/p>\n<p>Alle Module sind aufeinander aufgebaut. Du kletterst von Stufe zu Stufe und begibst dich auf die Reise zu dir selbst, in deine Liebe zu dir selbst und wirkst aktiv in deinem Leben als Katalysator und Transformator f\u00fcr ein neues, bewusstes Sein. Aber das tust du nicht nur f\u00fcr dich, sondern auch f\u00fcr alle Menschen in deinem Umfeld. Damit geht eine Wandlung einher hin zu einem Leben in Achtsamkeit, Toleranz und Achtung vor dir selbst und deinen Mitmenschen. Deine Beziehungen wandeln sich und sind erf\u00fcllend und st\u00e4rkend. Du ziehst Gl\u00fcck und Liebe in dein Leben, weil du Gl\u00fcck und Liebe BIST.\u00a0<\/p>\n<p>\u00a0<\/p>\n\n\n<figure class=\"wp-block-gallery has-nested-images columns-default is-cropped wp-block-gallery-1 is-layout-flex wp-block-gallery-is-layout-flex\"><\/figure>\n\n\n\n<p><\/p>\n","protected":false},"excerpt":{"rendered":"<p>Liebe Frauen! In euch liegt eine gro\u00dfe Kraft, die Kraft der Shakti, die Urweiblichkeit. Sie m\u00f6chte gelebt werden! Macht sie euch zunutze, um euren Alltag zu meistern, um eure N\u00e4chsten zu lieben, um euer Leben\u00a0 und das Leben \u00fcberhaupt zu feiern. Verbindet euch, k\u00e4mpft nicht mehr alleine oder gar gegeneinander, sondern st\u00e4rkt euch gegenseitig! In &hellip; <\/p>\n<p class=\"link-more\"><a href=\"https:\/\/www.prachtklang.de\/?page_id=320\" class=\"more-link\"><span class=\"screen-reader-text\">\u201eHeilkreis f\u00fcr Frauen\u201c<\/span> weiterlesen<\/a><\/p>\n","protected":false},"author":1,"featured_media":0,"parent":105,"menu_order":0,"comment_status":"closed","ping_status":"closed","template":"","meta":{"footnotes":""},"class_list":["post-320","page","type-page","status-publish","hentry"],"_links":{"self":[{"href":"https:\/\/www.prachtklang.de\/index.php?rest_route=\/wp\/v2\/pages\/320","targetHints":{"allow":["GET"]}}],"collection":[{"href":"https:\/\/www.prachtklang.de\/index.php?rest_route=\/wp\/v2\/pages"}],"about":[{"href":"https:\/\/www.prachtklang.de\/index.php?rest_route=\/wp\/v2\/types\/page"}],"author":[{"embeddable":true,"href":"https:\/\/www.prachtklang.de\/index.php?rest_route=\/wp\/v2\/users\/1"}],"replies":[{"embeddable":true,"href":"https:\/\/www.prachtklang.de\/index.php?rest_route=%2Fwp%2Fv2%2Fcomments&post=320"}],"version-history":[{"count":15,"href":"https:\/\/www.prachtklang.de\/index.php?rest_route=\/wp\/v2\/pages\/320\/revisions"}],"predecessor-version":[{"id":606,"href":"https:\/\/www.prachtklang.de\/index.php?rest_route=\/wp\/v2\/pages\/320\/revisions\/606"}],"up":[{"embeddable":true,"href":"https:\/\/www.prachtklang.de\/index.php?rest_route=\/wp\/v2\/pages\/105"}],"wp:attachment":[{"href":"https:\/\/www.prachtklang.de\/index.php?rest_route=%2Fwp%2Fv2%2Fmedia&parent=320"}],"curies":[{"name":"wp","href":"https:\/\/api.w.org\/{rel}","templated":true}]}}