{"id":123,"date":"2018-04-02T16:37:40","date_gmt":"2018-04-02T14:37:40","guid":{"rendered":"http:\/\/web7.twominutes.de\/prachtklang2\/?page_id=123"},"modified":"2022-12-04T00:09:08","modified_gmt":"2022-12-03T23:09:08","slug":"tinnitus-strategie","status":"publish","type":"page","link":"https:\/\/www.prachtklang.de\/?page_id=123","title":{"rendered":"Tinnitus Strategie"},"content":{"rendered":"<table>\n<tbody>\n<tr>\n<td><\/td>\n<\/tr>\n<tr>\n<td>Sie leiden unter Ohrger\u00e4uschen? Hier finden Sie Linderung und Gelassenheit. Gemeinsam finden wir einen Weg. Klangmassagen sind das probate Mittel zu entspannen. Durch die obertonreichen Spektren der Klangschale wird Ihr Geh\u00f6r angeregt. Sie lernen erneut stressfrei zu h\u00f6ren. Individuell auf Sie zugeschnittene Klangbehandlungen lassen Sie aufatmen und allm\u00e4hlich finden Sie wieder zur\u00fcck zur Normalit\u00e4t.<\/p>\n<p>Informieren Sie sich gerne in einem pers\u00f6nlichen Gespr\u00e4ch.<\/p>\n<p>Bringen Sie zum Erstgespr\u00e4ch bitte Ihr Audiogramm mit oder einen Bericht von Ihrem HNO-Arzt mit<\/td>\n<\/tr>\n<\/tbody>\n<\/table>\n","protected":false},"excerpt":{"rendered":"<p>Sie leiden unter Ohrger\u00e4uschen? Hier finden Sie Linderung und Gelassenheit. Gemeinsam finden wir einen Weg. Klangmassagen sind das probate Mittel zu entspannen. Durch die obertonreichen Spektren der Klangschale wird Ihr Geh\u00f6r angeregt. Sie lernen erneut stressfrei zu h\u00f6ren. Individuell auf Sie zugeschnittene Klangbehandlungen lassen Sie aufatmen und allm\u00e4hlich finden Sie wieder zur\u00fcck zur Normalit\u00e4t. Informieren &hellip; <\/p>\n<p class=\"link-more\"><a href=\"https:\/\/www.prachtklang.de\/?page_id=123\" class=\"more-link\"><span class=\"screen-reader-text\">\u201eTinnitus Strategie\u201c<\/span> weiterlesen<\/a><\/p>\n","protected":false},"author":1,"featured_media":0,"parent":92,"menu_order":0,"comment_status":"closed","ping_status":"closed","template":"","meta":{"footnotes":""},"class_list":["post-123","page","type-page","status-publish","hentry"],"_links":{"self":[{"href":"https:\/\/www.prachtklang.de\/index.php?rest_route=\/wp\/v2\/pages\/123","targetHints":{"allow":["GET"]}}],"collection":[{"href":"https:\/\/www.prachtklang.de\/index.php?rest_route=\/wp\/v2\/pages"}],"about":[{"href":"https:\/\/www.prachtklang.de\/index.php?rest_route=\/wp\/v2\/types\/page"}],"author":[{"embeddable":true,"href":"https:\/\/www.prachtklang.de\/index.php?rest_route=\/wp\/v2\/users\/1"}],"replies":[{"embeddable":true,"href":"https:\/\/www.prachtklang.de\/index.php?rest_route=%2Fwp%2Fv2%2Fcomments&post=123"}],"version-history":[{"count":4,"href":"https:\/\/www.prachtklang.de\/index.php?rest_route=\/wp\/v2\/pages\/123\/revisions"}],"predecessor-version":[{"id":580,"href":"https:\/\/www.prachtklang.de\/index.php?rest_route=\/wp\/v2\/pages\/123\/revisions\/580"}],"up":[{"embeddable":true,"href":"https:\/\/www.prachtklang.de\/index.php?rest_route=\/wp\/v2\/pages\/92"}],"wp:attachment":[{"href":"https:\/\/www.prachtklang.de\/index.php?rest_route=%2Fwp%2Fv2%2Fmedia&parent=123"}],"curies":[{"name":"wp","href":"https:\/\/api.w.org\/{rel}","templated":true}]}}