{"id":121,"date":"2018-04-02T16:37:11","date_gmt":"2018-04-02T14:37:11","guid":{"rendered":"http:\/\/web7.twominutes.de\/prachtklang2\/?page_id=121"},"modified":"2018-06-24T20:40:03","modified_gmt":"2018-06-24T18:40:03","slug":"klangpaedagogik","status":"publish","type":"page","link":"https:\/\/www.prachtklang.de\/?page_id=121","title":{"rendered":"Klangp\u00e4dagogik"},"content":{"rendered":"<p><em><strong><span class=\"headline\" style=\"color: #993366;\">Klang und Fantasiereisen<\/span><\/strong><\/em><br \/>\n<strong><em><span class=\"grundfett\" style=\"color: #993366;\">Die Bereitschaft wird gef\u00f6rdert in die Fantasie zu gehen.<\/span><\/em><\/strong><\/p>\n<p><em><span style=\"color: #993366;\">Lernen durch Imagination.<\/span><\/em><br \/>\n<em><span style=\"color: #993366;\">Die Kraft der Bilder nutzen.<\/span><\/em><br \/>\n<em><span style=\"color: #993366;\">Es entsteht ein Raum zur Entwicklung von Visionen.<\/span><\/em><br \/>\n<em><span style=\"color: #993366;\">Schritt f\u00fcr Schritt zeigt sich die Verwirklichung von Visionen und Zielen. Es k\u00f6nnen sich W\u00fcnsche verankern und so ihre Wirkung entfalten (aus: dann tr\u00e4gt mich meine Wolke, Maureen Murdock).<\/span><\/em><\/p>\n<p class=\"grundfett\"><em><span style=\"color: #993366;\">Wir nutzen das kreative Lernpotential. Leichtes Lernen<\/span><\/em><br \/>\n<em><span style=\"color: #993366;\">durch entspanntes Lernen!<\/span><\/em><\/p>\n<p><em><span style=\"color: #993366;\">Fantasiereisen sind ein fundiert erforschtes Mittel zur F\u00f6rderung intrapersonaler Intelligenz, d.h., durch Fantasiereisen erkennen,<\/span><\/em><br \/>\n<em><span style=\"color: #993366;\">wer er oder sie ist.<\/span><\/em><\/p>\n<p><em><span style=\"color: #993366;\">Aufmerksamkeit und Kreativit\u00e4t nehmen zu, die F\u00e4higkeit<\/span><\/em><br \/>\n<em><span style=\"color: #993366;\">zuzuh\u00f6ren entwickelt sich, Konzentration wird gef\u00f6rdert.<\/span><\/em><\/p>\n<p><strong><span style=\"color: #993366;\">Klangreisen k\u00f6nnen gebucht werden auf Anfrage zum Beispiel\u00a0 f\u00fcr Ihre Schulklasse, Kindergeburtstage oder andere Veranstaltungen. Bitte rufen Sie mich an.<\/span><\/strong><\/p>\n<p>&nbsp;<\/p>\n<blockquote><p><strong><span style=\"color: #993366;\">Klangmassage f\u00fcr Kinder<\/span><\/strong><\/p>\n<p><span style=\"color: #993366;\">Ein Gruppenangebot f\u00fcr Kinder zur F\u00f6rderung der gegenseitigen Achtsamkeit<\/span><\/p>\n<p>&nbsp;<\/p>\n<p>&nbsp;<\/p><\/blockquote>\n<p>&nbsp;<\/p>\n<p>&nbsp;<\/p>\n<p>&nbsp;<\/p>\n<p>&nbsp;<\/p>\n","protected":false},"excerpt":{"rendered":"<p>Klang und Fantasiereisen Die Bereitschaft wird gef\u00f6rdert in die Fantasie zu gehen. Lernen durch Imagination. Die Kraft der Bilder nutzen. Es entsteht ein Raum zur Entwicklung von Visionen. Schritt f\u00fcr Schritt zeigt sich die Verwirklichung von Visionen und Zielen. Es k\u00f6nnen sich W\u00fcnsche verankern und so ihre Wirkung entfalten (aus: dann tr\u00e4gt mich meine Wolke, &hellip; <\/p>\n<p class=\"link-more\"><a href=\"https:\/\/www.prachtklang.de\/?page_id=121\" class=\"more-link\"><span class=\"screen-reader-text\">\u201eKlangp\u00e4dagogik\u201c<\/span> weiterlesen<\/a><\/p>\n","protected":false},"author":1,"featured_media":0,"parent":92,"menu_order":0,"comment_status":"closed","ping_status":"closed","template":"","meta":{"footnotes":""},"class_list":["post-121","page","type-page","status-publish","hentry"],"_links":{"self":[{"href":"https:\/\/www.prachtklang.de\/index.php?rest_route=\/wp\/v2\/pages\/121","targetHints":{"allow":["GET"]}}],"collection":[{"href":"https:\/\/www.prachtklang.de\/index.php?rest_route=\/wp\/v2\/pages"}],"about":[{"href":"https:\/\/www.prachtklang.de\/index.php?rest_route=\/wp\/v2\/types\/page"}],"author":[{"embeddable":true,"href":"https:\/\/www.prachtklang.de\/index.php?rest_route=\/wp\/v2\/users\/1"}],"replies":[{"embeddable":true,"href":"https:\/\/www.prachtklang.de\/index.php?rest_route=%2Fwp%2Fv2%2Fcomments&post=121"}],"version-history":[{"count":7,"href":"https:\/\/www.prachtklang.de\/index.php?rest_route=\/wp\/v2\/pages\/121\/revisions"}],"predecessor-version":[{"id":273,"href":"https:\/\/www.prachtklang.de\/index.php?rest_route=\/wp\/v2\/pages\/121\/revisions\/273"}],"up":[{"embeddable":true,"href":"https:\/\/www.prachtklang.de\/index.php?rest_route=\/wp\/v2\/pages\/92"}],"wp:attachment":[{"href":"https:\/\/www.prachtklang.de\/index.php?rest_route=%2Fwp%2Fv2%2Fmedia&parent=121"}],"curies":[{"name":"wp","href":"https:\/\/api.w.org\/{rel}","templated":true}]}}