{"id":118,"date":"2018-04-02T16:36:27","date_gmt":"2018-04-02T14:36:27","guid":{"rendered":"http:\/\/web7.twominutes.de\/prachtklang2\/?page_id=118"},"modified":"2021-06-29T00:20:30","modified_gmt":"2021-06-28T22:20:30","slug":"konzerte","status":"publish","type":"page","link":"https:\/\/www.prachtklang.de\/?page_id=118","title":{"rendered":"Konzerte"},"content":{"rendered":"<blockquote>\n<h1><span style=\"color: #333399;\">Klangk\u00fcnstlerin\u00a0<strong>Luna Solo<\/strong><\/span><\/h1>\n<p><em><span style=\"color: #000080;\">Stimmungsvolle Live Ad-Hoc-Kompositionen und Improvisationen\u00a0<\/span><span style=\"color: #000080;\">mit Klangschalen, Gongs, Fl\u00f6ten, Rahmentrommel, Gesang, MoTaKo<\/span><\/em><\/p><\/blockquote>\n<p><span style=\"color: #000080;\">Die Konzerte entstehen immer im Moment und sind nicht wiederholbar! Sie sind inspiriert von der Situation, dem Ort und dem anwesenden Publikum. In diesen Happenings channele ich die Energie f\u00fcr den Augenblick, es entstehen mediale Klangr\u00e4ume, die alle Anwesenden tief ber\u00fchren werden.\u00a0<\/span><\/p>\n<p><span style=\"color: #333399;\">Hier beim Mannheimer Lichterfest im Luisenpark 2014<\/span><\/p>\n<p><img loading=\"lazy\" decoding=\"async\" class=\"alignnone wp-image-190 size-large\" src=\"https:\/\/mapra.uber.space\/wp-content\/uploads\/2018\/06\/Konzerte-173-1024x576.jpg\" alt=\"\" width=\"525\" height=\"295\" srcset=\"https:\/\/www.prachtklang.de\/wp-content\/uploads\/2018\/06\/Konzerte-173-1024x576.jpg 1024w, https:\/\/www.prachtklang.de\/wp-content\/uploads\/2018\/06\/Konzerte-173-300x169.jpg 300w, https:\/\/www.prachtklang.de\/wp-content\/uploads\/2018\/06\/Konzerte-173-768x432.jpg 768w, https:\/\/www.prachtklang.de\/wp-content\/uploads\/2018\/06\/Konzerte-173.jpg 2016w\" sizes=\"auto, (max-width: 525px) 100vw, 525px\" \/><\/p>\n<p><img loading=\"lazy\" decoding=\"async\" class=\"alignnone wp-image-189 size-medium\" src=\"https:\/\/mapra.uber.space\/wp-content\/uploads\/2018\/06\/Konzerte-145-169x300.jpg\" alt=\"\" width=\"169\" height=\"300\" srcset=\"https:\/\/www.prachtklang.de\/wp-content\/uploads\/2018\/06\/Konzerte-145-169x300.jpg 169w, https:\/\/www.prachtklang.de\/wp-content\/uploads\/2018\/06\/Konzerte-145-768x1365.jpg 768w, https:\/\/www.prachtklang.de\/wp-content\/uploads\/2018\/06\/Konzerte-145-576x1024.jpg 576w, https:\/\/www.prachtklang.de\/wp-content\/uploads\/2018\/06\/Konzerte-145.jpg 1134w\" sizes=\"auto, (max-width: 169px) 100vw, 169px\" \/><img loading=\"lazy\" decoding=\"async\" class=\"wp-image-181 size-medium alignleft\" src=\"https:\/\/mapra.uber.space\/wp-content\/uploads\/2018\/06\/Konzerte-057-169x300.jpg\" alt=\"\" width=\"169\" height=\"300\" srcset=\"https:\/\/www.prachtklang.de\/wp-content\/uploads\/2018\/06\/Konzerte-057-169x300.jpg 169w, https:\/\/www.prachtklang.de\/wp-content\/uploads\/2018\/06\/Konzerte-057-768x1365.jpg 768w, https:\/\/www.prachtklang.de\/wp-content\/uploads\/2018\/06\/Konzerte-057-576x1024.jpg 576w, https:\/\/www.prachtklang.de\/wp-content\/uploads\/2018\/06\/Konzerte-057.jpg 1134w\" sizes=\"auto, (max-width: 169px) 100vw, 169px\" \/><\/p>\n<p><span style=\"color: #333399;\">Schwetzinger Schlosspark, Lichterfest 2017<\/span><\/p>\n<p><img loading=\"lazy\" decoding=\"async\" class=\"alignnone wp-image-195 size-large\" src=\"https:\/\/mapra.uber.space\/wp-content\/uploads\/2018\/06\/IMG_5831-1024x768.jpg\" alt=\"\" width=\"525\" height=\"394\" srcset=\"https:\/\/www.prachtklang.de\/wp-content\/uploads\/2018\/06\/IMG_5831-1024x768.jpg 1024w, https:\/\/www.prachtklang.de\/wp-content\/uploads\/2018\/06\/IMG_5831-300x225.jpg 300w, https:\/\/www.prachtklang.de\/wp-content\/uploads\/2018\/06\/IMG_5831-768x576.jpg 768w\" sizes=\"auto, (max-width: 525px) 100vw, 525px\" \/><\/p>\n<p><img loading=\"lazy\" decoding=\"async\" class=\"alignnone wp-image-194 size-large\" src=\"https:\/\/mapra.uber.space\/wp-content\/uploads\/2018\/06\/IMG_5828-1024x768.jpg\" alt=\"\" width=\"525\" height=\"394\" srcset=\"https:\/\/www.prachtklang.de\/wp-content\/uploads\/2018\/06\/IMG_5828-1024x768.jpg 1024w, https:\/\/www.prachtklang.de\/wp-content\/uploads\/2018\/06\/IMG_5828-300x225.jpg 300w, https:\/\/www.prachtklang.de\/wp-content\/uploads\/2018\/06\/IMG_5828-768x576.jpg 768w\" sizes=\"auto, (max-width: 525px) 100vw, 525px\" \/><\/p>\n<p><img loading=\"lazy\" decoding=\"async\" class=\"wp-image-196 size-medium aligncenter\" src=\"https:\/\/mapra.uber.space\/wp-content\/uploads\/2018\/06\/IMG_5843-225x300.jpg\" alt=\"\" width=\"225\" height=\"300\" srcset=\"https:\/\/www.prachtklang.de\/wp-content\/uploads\/2018\/06\/IMG_5843-225x300.jpg 225w, https:\/\/www.prachtklang.de\/wp-content\/uploads\/2018\/06\/IMG_5843-768x1024.jpg 768w, https:\/\/www.prachtklang.de\/wp-content\/uploads\/2018\/06\/IMG_5843.jpg 960w\" sizes=\"auto, (max-width: 225px) 100vw, 225px\" \/><\/p>\n<blockquote>\n<h1><strong><span style=\"color: #333399;\">Atemraum- Klangraum<\/span><\/strong><\/h1>\n<\/blockquote>\n<p><span style=\"color: #333399;\">Ein Projekt mit Ute Schleich, Fl\u00f6tistin und Luna Martina Pracht, Klangschalen und Gongs<\/span><\/p>\n<p><img loading=\"lazy\" decoding=\"async\" class=\"alignnone wp-image-180 size-large\" style=\"font-size: 1rem;\" src=\"https:\/\/mapra.uber.space\/wp-content\/uploads\/2018\/06\/pp-Ute-Martina-170-1024x682.jpg\" alt=\"\" width=\"525\" height=\"350\" srcset=\"https:\/\/www.prachtklang.de\/wp-content\/uploads\/2018\/06\/pp-Ute-Martina-170-1024x682.jpg 1024w, https:\/\/www.prachtklang.de\/wp-content\/uploads\/2018\/06\/pp-Ute-Martina-170-300x200.jpg 300w, https:\/\/www.prachtklang.de\/wp-content\/uploads\/2018\/06\/pp-Ute-Martina-170-768x511.jpg 768w, https:\/\/www.prachtklang.de\/wp-content\/uploads\/2018\/06\/pp-Ute-Martina-170.jpg 2048w\" sizes=\"auto, (max-width: 525px) 100vw, 525px\" \/><img loading=\"lazy\" decoding=\"async\" class=\"alignnone wp-image-178 size-medium\" src=\"https:\/\/mapra.uber.space\/wp-content\/uploads\/2018\/06\/pp-Ute-Martina-015-300x200.jpg\" alt=\"\" width=\"300\" height=\"200\" srcset=\"https:\/\/www.prachtklang.de\/wp-content\/uploads\/2018\/06\/pp-Ute-Martina-015-300x200.jpg 300w, https:\/\/www.prachtklang.de\/wp-content\/uploads\/2018\/06\/pp-Ute-Martina-015-768x511.jpg 768w, https:\/\/www.prachtklang.de\/wp-content\/uploads\/2018\/06\/pp-Ute-Martina-015-1024x682.jpg 1024w, https:\/\/www.prachtklang.de\/wp-content\/uploads\/2018\/06\/pp-Ute-Martina-015.jpg 2048w\" sizes=\"auto, (max-width: 300px) 100vw, 300px\" \/><img loading=\"lazy\" decoding=\"async\" class=\"alignnone wp-image-171 size-medium\" src=\"https:\/\/mapra.uber.space\/wp-content\/uploads\/2018\/06\/Konzerte-025-300x200.jpg\" alt=\"\" width=\"300\" height=\"200\" srcset=\"https:\/\/www.prachtklang.de\/wp-content\/uploads\/2018\/06\/Konzerte-025-300x200.jpg 300w, https:\/\/www.prachtklang.de\/wp-content\/uploads\/2018\/06\/Konzerte-025-768x511.jpg 768w, https:\/\/www.prachtklang.de\/wp-content\/uploads\/2018\/06\/Konzerte-025-1024x681.jpg 1024w\" sizes=\"auto, (max-width: 300px) 100vw, 300px\" \/> <img loading=\"lazy\" decoding=\"async\" class=\"alignnone wp-image-172 size-medium\" src=\"https:\/\/mapra.uber.space\/wp-content\/uploads\/2018\/06\/Konzerte-008-300x214.jpg\" alt=\"\" width=\"300\" height=\"214\" srcset=\"https:\/\/www.prachtklang.de\/wp-content\/uploads\/2018\/06\/Konzerte-008-300x214.jpg 300w, https:\/\/www.prachtklang.de\/wp-content\/uploads\/2018\/06\/Konzerte-008-768x548.jpg 768w, https:\/\/www.prachtklang.de\/wp-content\/uploads\/2018\/06\/Konzerte-008-1024x731.jpg 1024w\" sizes=\"auto, (max-width: 300px) 100vw, 300px\" \/> <img loading=\"lazy\" decoding=\"async\" class=\"alignnone wp-image-174 size-medium\" src=\"https:\/\/mapra.uber.space\/wp-content\/uploads\/2018\/06\/Konzerte-014-300x222.jpg\" alt=\"\" width=\"300\" height=\"222\" srcset=\"https:\/\/www.prachtklang.de\/wp-content\/uploads\/2018\/06\/Konzerte-014-300x222.jpg 300w, https:\/\/www.prachtklang.de\/wp-content\/uploads\/2018\/06\/Konzerte-014-768x568.jpg 768w, https:\/\/www.prachtklang.de\/wp-content\/uploads\/2018\/06\/Konzerte-014-1024x757.jpg 1024w\" sizes=\"auto, (max-width: 300px) 100vw, 300px\" \/><\/p>\n<blockquote><p><span style=\"color: #333399;\">Werke f\u00fcr Fl\u00f6ten, Klangschalen und Gongs<\/span><\/p><\/blockquote>\n<ul>\n<li><span style=\"color: #333399;\">Werke in dieser Besetzung f\u00fcr Ute Schleich und Luna Martina Pracht geschrieben<\/span><\/li>\n<li><span style=\"color: #333399;\">Improvisationen<\/span><\/li>\n<li><span style=\"color: #333399;\">Werke f\u00fcr Fl\u00f6te solo<\/span><\/li>\n<li><span style=\"color: #333399;\">Solos f\u00fcr Klangschalen und Gongs<\/span><\/li>\n<li><span style=\"color: #333399;\">Bearbeitungen<\/span><\/li>\n<\/ul>\n<p><span style=\"color: #333399;\">Mit &#8222;Atemraum-Klangraum&#8220; erwartet Sie ein au\u00dfergew\u00f6hnliches Konzert mit zwei hochkar\u00e4tigen Musikerinnen, die Ihnen fesselnde und auch entspannende Musik in ungew\u00f6hnlichen Klangkombinationen bieten. Virtusosit\u00e4t, Besinnlichkeit, ber\u00fchrende Fl\u00f6tent\u00f6ne, die Feinheit und die Kraft der Klangschalen und Gongs lassen Ihnen dieses Konzert zu einem besonderen Erlebnis werden.<\/span><\/p>\n<p><img loading=\"lazy\" decoding=\"async\" class=\"alignnone wp-image-278 size-medium\" src=\"https:\/\/mapra.uber.space\/wp-content\/uploads\/2018\/06\/CHZT4446-300x225.jpg\" alt=\"\" width=\"300\" height=\"225\" \/><\/p>\n<blockquote><\/blockquote>\n","protected":false},"excerpt":{"rendered":"<p>Klangk\u00fcnstlerin\u00a0Luna Solo Stimmungsvolle Live Ad-Hoc-Kompositionen und Improvisationen\u00a0mit Klangschalen, Gongs, Fl\u00f6ten, Rahmentrommel, Gesang, MoTaKo Die Konzerte entstehen immer im Moment und sind nicht wiederholbar! Sie sind inspiriert von der Situation, dem Ort und dem anwesenden Publikum. In diesen Happenings channele ich die Energie f\u00fcr den Augenblick, es entstehen mediale Klangr\u00e4ume, die alle Anwesenden tief ber\u00fchren werden.\u00a0 &hellip; <\/p>\n<p class=\"link-more\"><a href=\"https:\/\/www.prachtklang.de\/?page_id=118\" class=\"more-link\"><span class=\"screen-reader-text\">\u201eKonzerte\u201c<\/span> weiterlesen<\/a><\/p>\n","protected":false},"author":1,"featured_media":0,"parent":113,"menu_order":0,"comment_status":"closed","ping_status":"closed","template":"","meta":{"footnotes":""},"class_list":["post-118","page","type-page","status-publish","hentry"],"_links":{"self":[{"href":"https:\/\/www.prachtklang.de\/index.php?rest_route=\/wp\/v2\/pages\/118","targetHints":{"allow":["GET"]}}],"collection":[{"href":"https:\/\/www.prachtklang.de\/index.php?rest_route=\/wp\/v2\/pages"}],"about":[{"href":"https:\/\/www.prachtklang.de\/index.php?rest_route=\/wp\/v2\/types\/page"}],"author":[{"embeddable":true,"href":"https:\/\/www.prachtklang.de\/index.php?rest_route=\/wp\/v2\/users\/1"}],"replies":[{"embeddable":true,"href":"https:\/\/www.prachtklang.de\/index.php?rest_route=%2Fwp%2Fv2%2Fcomments&post=118"}],"version-history":[{"count":21,"href":"https:\/\/www.prachtklang.de\/index.php?rest_route=\/wp\/v2\/pages\/118\/revisions"}],"predecessor-version":[{"id":617,"href":"https:\/\/www.prachtklang.de\/index.php?rest_route=\/wp\/v2\/pages\/118\/revisions\/617"}],"up":[{"embeddable":true,"href":"https:\/\/www.prachtklang.de\/index.php?rest_route=\/wp\/v2\/pages\/113"}],"wp:attachment":[{"href":"https:\/\/www.prachtklang.de\/index.php?rest_route=%2Fwp%2Fv2%2Fmedia&parent=118"}],"curies":[{"name":"wp","href":"https:\/\/api.w.org\/{rel}","templated":true}]}}