{"id":116,"date":"2018-04-02T16:36:11","date_gmt":"2018-04-02T14:36:11","guid":{"rendered":"http:\/\/web7.twominutes.de\/prachtklang2\/?page_id=116"},"modified":"2018-06-15T18:28:32","modified_gmt":"2018-06-15T16:28:32","slug":"unterricht","status":"publish","type":"page","link":"https:\/\/www.prachtklang.de\/?page_id=116","title":{"rendered":"Unterricht"},"content":{"rendered":"<p><span class=\"headline\"><span style=\"color: #993366;\"><strong>F\u00fcr den guten Ton<\/strong><\/span><br \/>\n<\/span><br \/>\n<span style=\"color: #993366;\">Wie im Leben gilt hier auch:\u00a0 den richtigen Ton treffen und den guten Ton finden.<\/span><\/p>\n<p><span style=\"color: #993366;\"><strong><span class=\"headline\">Musikunterricht auf Gitarre, Querfl\u00f6te oder Blockfl\u00f6te<\/span><\/strong><\/span><\/p>\n<p>Die Arbeit an einem qualitativ herausragend guten Ton ist ein Hauptaspekt<br \/>\nmeiner Arbeit. Musikalit\u00e4t und Ausdrucksf\u00e4higkeit stehen gleichwertig neben<br \/>\ndem Erwerb der Prim\u00e4rf\u00e4higkeit gut spielen zu k\u00f6nnen.<br \/>\nEs geht aber um noch viel mehr:<br \/>\n<span class=\"grundfett\">Das Beste aus mir herausholen!\u00a0<\/span><span class=\"grundfett\">Wie mache ich das?<\/span><\/p>\n<ul>\n<li>Durch gekonntes Selbstmanagement<\/li>\n<li>eine hoch ausgebildete Eigenwahrnehmung, sowohl auf k\u00f6rperlicher, wie auf seelischer und geistiger Ebene<\/li>\n<li>Durch ein hohes Ma\u00df an Selbstvertrauen und positiver Einstellung.<\/li>\n<\/ul>\n<p>Die <strong>ganzheitliche Betrachtung des Sch\u00fclers<\/strong>\u00a0f\u00fchrt zu einem umfassenden Konzept f\u00fcr seine Weiterentwicklung.<br \/>\nNeben der Leistungsorientiertheit soll auch ein Entspannungskonzept stehen. Jedes aktive Tun braucht zum Ausgleich eine regenerierende Phase. Lernprozesse gehen weiter im \u201eNichtstun\u201c.<br \/>\nDurch ein Minimum an Entspannung erreichen wir ein Maximum an Entwicklung. Neben dem aktiven \u201eAnpacken\u201c steht das Loslassen-K\u00f6nnen.<br \/>\nEntspannung f\u00f6rdert die Konzentration. In einem Klima absoluter Geborgenheit und des Vertrauens kann sich die h\u00f6chste Bereitschaft zum Lernen entwickeln.<br \/>\nDas Vertrauen zum Lehrer ist entscheidend f\u00fcr die Entwicklung des Sch\u00fclers.<br \/>\nWir arbeiten mit selbst best\u00e4rkenden S\u00e4tzen\u00a0 = Positive St\u00e4rkung.<\/p>\n<p class=\"grundfett\"><em><strong><span style=\"color: #993366;\">Erlernen von Kontinuit\u00e4t<\/span><\/strong><\/em><br \/>\n<em><strong><span style=\"color: #993366;\">Entspannungshilfen<\/span><\/strong><\/em><br \/>\n<em><strong><span style=\"color: #993366;\">Konzentrations\u00fcbungen<\/span><\/strong><\/em><br \/>\n<em><strong><span style=\"color: #993366;\">Selbstliebe<\/span><\/strong><\/em><br \/>\n<em><strong><span style=\"color: #993366;\">Entwickeln eines \u00dcbekonzeptes<\/span><\/strong><\/em><br \/>\n<em><strong><span style=\"color: #993366;\">\u00dcben mit dem Fokussieren bestimmter Aspekte<\/span><\/strong><\/em><\/p>\n","protected":false},"excerpt":{"rendered":"<p>F\u00fcr den guten Ton Wie im Leben gilt hier auch:\u00a0 den richtigen Ton treffen und den guten Ton finden. Musikunterricht auf Gitarre, Querfl\u00f6te oder Blockfl\u00f6te Die Arbeit an einem qualitativ herausragend guten Ton ist ein Hauptaspekt meiner Arbeit. Musikalit\u00e4t und Ausdrucksf\u00e4higkeit stehen gleichwertig neben dem Erwerb der Prim\u00e4rf\u00e4higkeit gut spielen zu k\u00f6nnen. Es geht aber &hellip; <\/p>\n<p class=\"link-more\"><a href=\"https:\/\/www.prachtklang.de\/?page_id=116\" class=\"more-link\"><span class=\"screen-reader-text\">\u201eUnterricht\u201c<\/span> weiterlesen<\/a><\/p>\n","protected":false},"author":1,"featured_media":0,"parent":113,"menu_order":0,"comment_status":"closed","ping_status":"closed","template":"","meta":{"footnotes":""},"class_list":["post-116","page","type-page","status-publish","hentry"],"_links":{"self":[{"href":"https:\/\/www.prachtklang.de\/index.php?rest_route=\/wp\/v2\/pages\/116","targetHints":{"allow":["GET"]}}],"collection":[{"href":"https:\/\/www.prachtklang.de\/index.php?rest_route=\/wp\/v2\/pages"}],"about":[{"href":"https:\/\/www.prachtklang.de\/index.php?rest_route=\/wp\/v2\/types\/page"}],"author":[{"embeddable":true,"href":"https:\/\/www.prachtklang.de\/index.php?rest_route=\/wp\/v2\/users\/1"}],"replies":[{"embeddable":true,"href":"https:\/\/www.prachtklang.de\/index.php?rest_route=%2Fwp%2Fv2%2Fcomments&post=116"}],"version-history":[{"count":2,"href":"https:\/\/www.prachtklang.de\/index.php?rest_route=\/wp\/v2\/pages\/116\/revisions"}],"predecessor-version":[{"id":206,"href":"https:\/\/www.prachtklang.de\/index.php?rest_route=\/wp\/v2\/pages\/116\/revisions\/206"}],"up":[{"embeddable":true,"href":"https:\/\/www.prachtklang.de\/index.php?rest_route=\/wp\/v2\/pages\/113"}],"wp:attachment":[{"href":"https:\/\/www.prachtklang.de\/index.php?rest_route=%2Fwp%2Fv2%2Fmedia&parent=116"}],"curies":[{"name":"wp","href":"https:\/\/api.w.org\/{rel}","templated":true}]}}