{"id":107,"date":"2018-04-02T16:15:46","date_gmt":"2018-04-02T14:15:46","guid":{"rendered":"http:\/\/web7.twominutes.de\/prachtklang2\/?page_id=107"},"modified":"2018-07-26T17:01:41","modified_gmt":"2018-07-26T15:01:41","slug":"energetische-heilarbeit","status":"publish","type":"page","link":"https:\/\/www.prachtklang.de\/?page_id=107","title":{"rendered":"Spirituelle Anwendungen"},"content":{"rendered":"<blockquote>\n<h1><span style=\"color: #993366;\">Als Alpha Chi Consultant<\/span><\/h1>\n<\/blockquote>\n<ul>\n<li><span style=\"color: #993366;\"> berate ich Sie in allen Lebensfragen,\u00a0<\/span><\/li>\n<li><span style=\"color: #993366;\">begleite Sie auf Ihrem Weg. <\/span><\/li>\n<li><span style=\"color: #993366;\">Ich lese in Ihrer Matrix und erkenne verborgene Informationen. <\/span><\/li>\n<li><span style=\"color: #993366;\">Das erm\u00f6glicht Ihnen neue Zusammenh\u00e4nge zu erkennen und\u00a0 Ursachen zu finden f\u00fcr gesundheitliche Probleme, schwierige Beziehungen und anderes mehr.\u00a0\u00a0<\/span><\/li>\n<li><span style=\"color: #993366;\">Sie haben die M\u00f6glichkeit Ihre Situation anders als bisher\u00a0 zu betrachten und k\u00f6nnen sich ganz neu ausrichten.<\/span><\/li>\n<li><span style=\"color: #993366;\">Der Tod ist kein Hindernis. Er ist lediglich eine Schwelle in ein anderes &#8222;Land&#8220;. Ich sehe karmische Verbindungen und l\u00f6se diese bei Bedarf.\u00a0\u00a0<\/span><\/li>\n<li><span style=\"color: #993366;\">Suchen Sie eine Begleitung bei der Vorbereitung auf den Tod? Ich stehe Ihnen gerne bei.<\/span><\/li>\n<li><span style=\"color: #993366;\">Ich begleite Kinder gerne bei ihrem Eintritt in diese Welt und ebne den Weg in das neue Dasein. Ich hole alle Wesensaspekte des Kindes ab und integriere sie. In einer Klangmassage f\u00fcr das Neugeborene und die Mutter wird sofort Energie gesetzt f\u00fcr einen gesunden Start ins Leben.<\/span><\/li>\n<\/ul>\n<h1><span style=\"color: #800080;\"><img loading=\"lazy\" decoding=\"async\" class=\"wp-image-294 size-medium alignnone\" src=\"https:\/\/mapra.uber.space\/wp-content\/uploads\/2018\/06\/IMG_6136-e1529872037546-225x300.jpg\" alt=\"\" width=\"225\" height=\"300\" srcset=\"https:\/\/www.prachtklang.de\/wp-content\/uploads\/2018\/06\/IMG_6136-e1529872037546-225x300.jpg 225w, https:\/\/www.prachtklang.de\/wp-content\/uploads\/2018\/06\/IMG_6136-e1529872037546-768x1024.jpg 768w\" sizes=\"auto, (max-width: 225px) 100vw, 225px\" \/><\/span><\/h1>\n<h1><span style=\"color: #ff0000;\">Das erwartet Sie<\/span><\/h1>\n<ul>\n<li><span style=\"color: #ff0000;\"><em>Unterst\u00fctzung\u00a0<\/em><\/span><\/li>\n<li><span style=\"color: #ff0000;\"><em>Losl\u00f6sung<\/em><\/span><\/li>\n<li><span style=\"color: #ff0000;\"><em>Bindungsfreiheit<\/em><\/span><\/li>\n<li><span style=\"color: #ff0000;\"><em>Gesundung<\/em><\/span><\/li>\n<li><span style=\"color: #ff0000;\"><em>Kl\u00e4rung<\/em><\/span><\/li>\n<li><span style=\"color: #ff0000;\"><em>Freiheit<\/em><\/span><\/li>\n<li><span style=\"color: #ff0000;\"><em>Freude<\/em><\/span><\/li>\n<\/ul>\n<h1><span style=\"color: #ff0000;\">Wie ist es m\u00f6glich Information abzurufen?\u00a0<\/span><\/h1>\n<p>Zun\u00e4chst einmal muss man wissen, dass unser K\u00f6rper nur zu einem verschwindend kleinen Teil aus Materie besteht. 99% unseres K\u00f6rpers bestehen aus einem Vakuum, aus einem leeren Raum, der nur Kraft eines Energiefeldes die Teilchen, aus denen unsere Zellen bestehen, zusammenh\u00e4lt (siehe Dr. Ulrich Warnke, Quantenphysiker). Wie dieses Vakuum es schafft unseren materiellen K\u00f6rper zusammen zu halten ist ein Geheimnis, das bislang noch nicht entschl\u00fcsselt werden konnte. Physiker wie Dr. Warnke erkl\u00e4ren sich das mit einem Bewusstsein, das dem G\u00f6ttlichen entspringt, ja er misst ihm sogar Intelligenz bei.\u00a0 Das ist f\u00fcr uns bislang schwer oder gar nicht vorstellbar, da wir uns nur mit dem Sichtbaren, der Materie\u00a0 besch\u00e4ftigen. Diese Materie ist messbar, alles andere konnte bislang jedoch nicht gemessen werden.<\/p>\n<p>F\u00fcr mich als Musikerin und K\u00fcnstlerin ist diese Erkenntnis naheliegend, denn ich besch\u00e4ftige mich mein Leben lang schon mit dem Unsichtbaren, dem Nicht-Greifbaren. Mein Vorstellungsverm\u00f6gen und mein Einf\u00fchlungsverm\u00f6gen wurden seit meiner Kindheit geschult. Der Klang \u00fcbermittelt Boschaften, das wurde mir schon fr\u00fch klar. Die Interpretation eines Musikst\u00fcckes h\u00e4ngt wesentlich davon ab, was man in den Ton und in das Spiel &#8222;hineinlegt&#8220;. In der Arbeit mit den Klangschalen bemerkte ich, dass auch eine Bedeutung aus dem Ton herauskommt! Das hei\u00dft eine Botschaft, die vom anderen kommt und in dessen Feld ich mich begebe mit meinen Klangschalen, erreicht unmittelbar mein Energiefeld und wird von mir erkannt und &#8222;gelesen&#8220;. Das ist ein<strong> Resonanzgeschehen<\/strong>, auf das ich nach und nach gesto\u00dfen bin in meinen Klangmassagen mit Klienten.<\/p>\n<p><img loading=\"lazy\" decoding=\"async\" class=\"alignleft wp-image-334 size-medium\" src=\"https:\/\/mapra.uber.space\/wp-content\/uploads\/2018\/06\/pp-Ute-Martina-126-200x300.jpg\" alt=\"\" width=\"200\" height=\"300\" srcset=\"https:\/\/www.prachtklang.de\/wp-content\/uploads\/2018\/06\/pp-Ute-Martina-126-200x300.jpg 200w, https:\/\/www.prachtklang.de\/wp-content\/uploads\/2018\/06\/pp-Ute-Martina-126-768x1155.jpg 768w, https:\/\/www.prachtklang.de\/wp-content\/uploads\/2018\/06\/pp-Ute-Martina-126-681x1024.jpg 681w, https:\/\/www.prachtklang.de\/wp-content\/uploads\/2018\/06\/pp-Ute-Martina-126.jpg 1362w\" sizes=\"auto, (max-width: 200px) 100vw, 200px\" \/><\/p>\n<h1><span style=\"color: #ff0000;\">Medial arbeiten mit Klang<\/span><\/h1>\n<p>Eine Klangschale ist wie ein Spiegel. Sie schwingt harmonisch in ausgewogenen Schwingungskurven, wenn sie unbeeinflusst von St\u00f6rfeldern ist. Ihr Klangbild ver\u00e4ndert sich, kommt sie in klingendem Zustand in ein mit St\u00f6rfeldern oder Blockaden versehenes Umfeld. Das erste Hilfsmittel ist also mein Geh\u00f6r. Ich h\u00f6re genau hin, wenn ich mit einer Klangschale am K\u00f6rper oder in der Umgebung (Aura) eines Menschen arbeite. Ich folge diesen Hinweisen und beginne nun tiefer einzutauchen und konzentriere mich auf das, was ich &#8222;sehe&#8220;. Es finden sich Bilder, diese werden zu Geschichten. Im Gespr\u00e4ch mit dem Klienten\/der Klientin werden diese Bilder\u00a0 bearbeitet. Sie f\u00fchren zu tiefgreifenden Erkenntnissen. Es wird m\u00f6glich eine neue Matrix zu setzen.<\/p>\n<h1><span style=\"color: #ff0000;\">K\u00f6rper-Feng Shui<\/span><\/h1>\n<p>In unserem K\u00f6rper und unserem Lichtk\u00f6rper, der Aura, wirken Energiefelder und Energiestr\u00f6me. Durch das K\u00f6rper-Feng Shui werden diese Energien wieder in einen harmonischen Fluss und Ausgleich gebracht. Dabei werden auch die 5 Elemente Feuer, Erde, Metall, Wasser und Holz betrachtet. Energetische Altlasten k\u00f6nnen ausgeleitet und neue Energien gesetzt werden. Alte pr\u00e4gende Strukturen werden auf allen Ebenen durch neue ersetzt. Es ist so m\u00f6glich eine komplett neue Haltung zu gewinnen in Bezug auf Ihr gew\u00e4hltes Thema. Diese Arbeit hat tiefgreifenden Effekt auf Seele, K\u00f6rper und Geist.<\/p>\n<h1><span style=\"color: #ff0000;\">Arbeiten mit Heilsteinen<\/span><\/h1>\n<p>Meine besondere Affinit\u00e4t zu Heilsteinen (Halbedelsteinen) hat mich dazu gebracht diese auch in meine Arbeit zu integrieren. Sie sind feine Energietr\u00e4ger und unterst\u00fctzen Menschen auf unterschiedliche Weisen. In den Anwendungen lege ich sie auf den K\u00f6rper oder um den K\u00f6rper herum. Sie tragen zur Entspannung bei, leiten aus oder halten die positive Energie. Sie nehmen auch Energien auf, die man unbewusst oder bewusst abgibt.<\/p>\n<p><img loading=\"lazy\" decoding=\"async\" class=\"alignnone wp-image-332 size-large\" src=\"https:\/\/mapra.uber.space\/wp-content\/uploads\/2018\/06\/IMG_6620-1024x768.jpg\" alt=\"\" width=\"525\" height=\"394\" srcset=\"https:\/\/www.prachtklang.de\/wp-content\/uploads\/2018\/06\/IMG_6620-1024x768.jpg 1024w, https:\/\/www.prachtklang.de\/wp-content\/uploads\/2018\/06\/IMG_6620-300x225.jpg 300w, https:\/\/www.prachtklang.de\/wp-content\/uploads\/2018\/06\/IMG_6620-768x576.jpg 768w\" sizes=\"auto, (max-width: 525px) 100vw, 525px\" \/><\/p>\n<p><span style=\"color: #ff0000;\">Steine auf Anfrage<\/span><\/p>\n<p>M\u00f6chten Sie einen Stein als Helfer f\u00fcr Ihren Alltag erwerben, berate ich Sie gerne bei der Suche nach dem passenden Stein und besorge Ihnen auch Steine. Eine Beratung kann telefonisch erfolgen. Ich rufe auch den passenden Stein f\u00fcr Ihre Freunde oder Familie ab. Auf Wunsch kann der Stein &#8222;getinkelt&#8220; werden, das hei\u00dft, ich versehe ihn mit der entsprechenden Information oder Energie. Rosenquarz ist nicht gleich Rosenquarz: das meint, dass Steine der gleichen Sorte sich in ihren Energie- und Informationsspektren stark unterscheiden k\u00f6nnen. Ich &#8222;lese&#8220; f\u00fcr Sie den Stein, damit Sie den richtigen f\u00fcr sich finden k\u00f6nnen.<\/p>\n<h1><span style=\"color: #ff0000;\">Seelengesang<\/span><\/h1>\n<p>Mit dem Einsatz meiner Stimme erreiche ich die Tiefen Seele, das H\u00f6here Selbst der zu behandelnden Person oder auch andere Bewusstseinsebenen. Es ist ein Kommunikationsmittel ohne Worte. Die Vokale oder einzelne Konsonanten spielen dabei eine wichtige Rolle. Der Gesang schlie\u00dft verborgene Bereiche auf, macht weich und durchl\u00e4ssig. Ich setze ihn ganz nach Eingebung ein und folge meiner Intuition.<\/p>\n<h1><span style=\"color: #ff0000;\">Handenergie<\/span><\/h1>\n<p>Da durch meine H\u00e4nde starke Energie \u00fcbertragen wird, lege ich auf Wunsch im gegeben Fall die H\u00e4nde auf. Neben dem w\u00e4rmenden Effekt erziele ich auch starke Impulse, die der K\u00f6rper aufnimmt um sich selbst zu heilen. In Kombination mit Entspannungsmassagen an den F\u00fc\u00dfen oder im Schulter-Nackenbereich l\u00f6st sich so manche Blockade.<\/p>\n<h1><span style=\"color: #ff0000;\">Heilende \u00d6le<\/span><\/h1>\n<p>Naturreine \u00e4therische \u00d6le dienen uns in jeglicher erdenklichen Hinsicht. Unser Geruchssinn ist tief mit unserem Erleben verkn\u00fcpft und in unserem Gehirn verankert. Mit den D\u00fcften k\u00f6nnen positive Impulse gesetzt werden, die sofort ihre Wirkung zeigen. Ob innerlich angewendet oder \u00fcber die Haut aufgenommen oder \u00fcber den Diffuser in die Luft verstr\u00f6mt: es ist immer ein Fest die \u00d6le in die Anwendung einzubeziehen. Je nach Stimmung oder Anliegen w\u00e4hlen wir das passende \u00d6l f\u00fcr Sie aus.<\/p>\n<p><img loading=\"lazy\" decoding=\"async\" class=\"alignnone wp-image-296 size-large\" src=\"https:\/\/mapra.uber.space\/wp-content\/uploads\/2018\/06\/IMG_5240-1-1024x768.jpg\" alt=\"\" width=\"525\" height=\"394\" srcset=\"https:\/\/www.prachtklang.de\/wp-content\/uploads\/2018\/06\/IMG_5240-1-1024x768.jpg 1024w, https:\/\/www.prachtklang.de\/wp-content\/uploads\/2018\/06\/IMG_5240-1-300x225.jpg 300w, https:\/\/www.prachtklang.de\/wp-content\/uploads\/2018\/06\/IMG_5240-1-768x576.jpg 768w\" sizes=\"auto, (max-width: 525px) 100vw, 525px\" \/><\/p>\n<blockquote><p>&nbsp;<\/p>\n<h1><em><span style=\"color: #ff0000;\">Rezensionen<\/span><\/em><\/h1>\n<\/blockquote>\n<p class=\"ox-c273d681bd-MsoNormal\">&#8222;<span style=\"color: #3366ff;\"><em>In einer f\u00fcr mich sehr schweren Zeit wurde mir von einer Freundin empfohlen, eine Klangschalen-Anwendung bei Martina Luna Pracht zu besuchen. Neben dem Effekt, dass der Klang und die Schwingungen der Schalen mir unheimlich gut taten, erfuhr ich auch vieles \u00fcber mich und mein Leben. Das ein oder andere hat sich <span style=\"color: #3366ff;\">hierdurch<\/span> sehr positiv ver\u00e4ndert! Ich kann nur jedem ans Herz legen, offen f\u00fcr alternative Heilungsans\u00e4tze zu sein, und manchmal vielleicht lieber den etwas unkonventionelleren, daf\u00fcr aber langfristig heilsameren Weg zu gehen! Es lohnt sich, Martina Luna Prachts gro\u00dfartige Heilungsans\u00e4tze in Anspruch zu nehmen!&#8220;<\/em><\/span><\/p>\n<p class=\"ox-c273d681bd-MsoNormal\"><span style=\"color: #3366ff;\"><em>Monika K. aus M\u00fchlhausen<\/em><\/span><\/p>\n<p>&nbsp;<\/p>\n<p><span style=\"color: #3366ff;\"><em>&#8222;Ja, was macht eigentlich Luna?<\/em><\/span><\/p>\n<p><em><span style=\"color: #3366ff;\">Ich kenne Luna nun schon 8 Jahre und immer wieder erstaunt sie mich. Immer mehr \u00f6ffnet sie R\u00e4ume um R\u00e4ume. Immer wieder bildet sie sich weiter, was in ihrer Arbeit gut zu sp\u00fcren ist. Ich liebe es wenn sie ihren Gong spielt. Diese Power ist ergreifend.<\/span><\/em><\/p>\n<p><em><span style=\"color: #3366ff;\">Ich liebe es wenn sie ihre zahlreichen Klangschalen anschl\u00e4gt. Gekonnt und mit aller Leichtigkeit nimmt sie mich in ihre Klangwelten mit.\u00a0Zart und mitf\u00fchlend begleitet Sie in unendliche Heilquellen und wieder zur\u00fcck.<\/span><\/em><\/p>\n<p><em><span style=\"color: #3366ff;\">Es passiert Unglaubliches!<\/span><\/em><\/p>\n<p><em><span style=\"color: #3366ff;\">In Lunas Klangwelten findet jeder was, das er braucht, um ein St\u00fcck mehr bei sich anzukommen.<\/span><\/em><\/p>\n<p><span style=\"color: #3366ff;\"><em>Danke Luna, f\u00fcr deine Freundschaft und unseren<\/em> gemeinsamen Weg.&#8220;<\/span><\/p>\n<p><em><span style=\"color: #3366ff;\">Junia<\/span><\/em><\/p>\n<p>&nbsp;<\/p>\n<p>&nbsp;<\/p>\n<p>&nbsp;<\/p>\n<p>&nbsp;<\/p>\n<p>&nbsp;<\/p>\n<p>&nbsp;<\/p>\n<p>&nbsp;<\/p>\n","protected":false},"excerpt":{"rendered":"<p>Als Alpha Chi Consultant berate ich Sie in allen Lebensfragen,\u00a0 begleite Sie auf Ihrem Weg. Ich lese in Ihrer Matrix und erkenne verborgene Informationen. Das erm\u00f6glicht Ihnen neue Zusammenh\u00e4nge zu erkennen und\u00a0 Ursachen zu finden f\u00fcr gesundheitliche Probleme, schwierige Beziehungen und anderes mehr.\u00a0\u00a0 Sie haben die M\u00f6glichkeit Ihre Situation anders als bisher\u00a0 zu betrachten und &hellip; <\/p>\n<p class=\"link-more\"><a href=\"https:\/\/www.prachtklang.de\/?page_id=107\" class=\"more-link\"><span class=\"screen-reader-text\">\u201eSpirituelle Anwendungen\u201c<\/span> weiterlesen<\/a><\/p>\n","protected":false},"author":1,"featured_media":0,"parent":105,"menu_order":0,"comment_status":"closed","ping_status":"closed","template":"","meta":{"footnotes":""},"class_list":["post-107","page","type-page","status-publish","hentry"],"_links":{"self":[{"href":"https:\/\/www.prachtklang.de\/index.php?rest_route=\/wp\/v2\/pages\/107","targetHints":{"allow":["GET"]}}],"collection":[{"href":"https:\/\/www.prachtklang.de\/index.php?rest_route=\/wp\/v2\/pages"}],"about":[{"href":"https:\/\/www.prachtklang.de\/index.php?rest_route=\/wp\/v2\/types\/page"}],"author":[{"embeddable":true,"href":"https:\/\/www.prachtklang.de\/index.php?rest_route=\/wp\/v2\/users\/1"}],"replies":[{"embeddable":true,"href":"https:\/\/www.prachtklang.de\/index.php?rest_route=%2Fwp%2Fv2%2Fcomments&post=107"}],"version-history":[{"count":11,"href":"https:\/\/www.prachtklang.de\/index.php?rest_route=\/wp\/v2\/pages\/107\/revisions"}],"predecessor-version":[{"id":380,"href":"https:\/\/www.prachtklang.de\/index.php?rest_route=\/wp\/v2\/pages\/107\/revisions\/380"}],"up":[{"embeddable":true,"href":"https:\/\/www.prachtklang.de\/index.php?rest_route=\/wp\/v2\/pages\/105"}],"wp:attachment":[{"href":"https:\/\/www.prachtklang.de\/index.php?rest_route=%2Fwp%2Fv2%2Fmedia&parent=107"}],"curies":[{"name":"wp","href":"https:\/\/api.w.org\/{rel}","templated":true}]}}