{"id":105,"date":"2018-04-02T16:15:09","date_gmt":"2018-04-02T14:15:09","guid":{"rendered":"http:\/\/web7.twominutes.de\/prachtklang2\/?page_id=105"},"modified":"2018-06-24T01:51:58","modified_gmt":"2018-06-23T23:51:58","slug":"spiritualitaet","status":"publish","type":"page","link":"https:\/\/www.prachtklang.de\/?page_id=105","title":{"rendered":"Spiritualit\u00e4t"},"content":{"rendered":"<p><img loading=\"lazy\" decoding=\"async\" class=\"wp-image-166 size-medium alignleft\" src=\"https:\/\/mapra.uber.space\/wp-content\/uploads\/2018\/06\/IMG_4596-e1529698018180-225x300.jpg\" alt=\"\" width=\"225\" height=\"300\" srcset=\"https:\/\/www.prachtklang.de\/wp-content\/uploads\/2018\/06\/IMG_4596-e1529698018180-225x300.jpg 225w, https:\/\/www.prachtklang.de\/wp-content\/uploads\/2018\/06\/IMG_4596-e1529698018180-768x1024.jpg 768w\" sizes=\"auto, (max-width: 225px) 100vw, 225px\" \/><\/p>\n<blockquote>\n<h1><span style=\"color: #ffcc00;\">Dein Weg zu dir selbst<\/span><\/h1>\n<\/blockquote>\n<p>Die meisten von uns suchen ihr Heil im Au\u00dfen. Sie definieren ihr Leben nach \u00c4u\u00dferlichkeiten, definieren sich selbst \u00fcber ihre Arbeit, ihren Besitz. Sie richten ihr Leben aus nach allgemein anerkannten Werten. Das gen\u00fcgt vielen Menschen ein Leben lang oder zumindest so lange, bis sie an eine Grenze sto\u00dfen, bis es nicht nicht mehr glatt l\u00e4uft aus irgendeinem Grund und das Leben eine holprige Gangart annimmt. Wir sprechen dann von Schicksalsschl\u00e4gen, Burn Out oder anderem. Wenn Seele und Geist pl\u00f6tzlich nicht mehr mitmachen und aus uns keine funktionierenden Menschen mehr machen, suchen wir anderswo nach Antworten. Sp\u00e4testens wenn man vom Arzt als &#8222;austherapiert&#8220; deklariert wird, ist man gezwungen sich zu \u00fcberlegen, wo und wie es jetzt weitergeht. Irgendwann kommen wir alle auf die Frage des &#8222;Warum?&#8220;- und dann beginnt die Sinnsuche. Zum Gl\u00fcck, denn sonst w\u00fcrden viele nicht die Entdeckung ihres Lebens machen: sich selbst.<\/p>\n<blockquote><p><span style=\"color: #ffcc00;\">Spiritualit\u00e4t beginnt dann, wenn ich mich auf den unsichtbaren Weg mache in meine Innenwelten.<\/span><\/p><\/blockquote>\n<p>Es ist eine geistige Welt, materiell nicht greifbar, nicht sichtbar im herk\u00f6mmlichen Sinn. Bei vielen l\u00f6st diese andere Welt \u00e4ngstliche Gef\u00fchle aus oder erregt Ablehnung, weil sich das zun\u00e4chst ihrer Kontrolle entzieht und nicht einzuordnen ist. In der Tat sind Sie ein Entdecker auf einer spannenden Expedition. Folgen Sie Ihren inneren Bildern, Ihren feinen Wahrnehmungen. Jeder von uns besitzt die F\u00e4higkeit diese Wahrnehmungen zu schulen und ihnen zu folgen. Sie sind unser sechster oder siebter Sinn und wir k\u00f6nnen darauf vertrauen, dass sie uns bereichern und uns Aufschluss geben und Antworten auf unsere Fragen. Eine wichtige Begleiterin auf diesem Weg ist die Intuition. Ihr zu vertrauen ist eine gro\u00dfe Herausforderung. \u00dcben Sie Ihrer Intuition zu folgen und Sie werden \u00fcberrascht sein, was Sie daraus lernen!<\/p>\n<blockquote>\n<h2><span style=\"color: #ffcc00;\">Der erste Schritt: Sich selbst zuh\u00f6ren.<\/span><\/h2>\n<\/blockquote>\n<p>Wie schwer ist es Ger\u00e4usche auszuschalten in einer Welt, die voll ist von L\u00e4rm. Umso wichtiger ist es, dass wir lernen in uns die Ruhe zu bewahren oder wieder herzustellen. Wenn es ruhig wird in uns, die Wasseroberfl\u00e4che unserer Gedanken ruhig wird, kann man in alle Richtungen klar sehen. Das f\u00fchrt zur Erkenntnis und diese wiederum erm\u00f6glicht den n\u00e4chsten Schritt. Wir k\u00f6nnen die innere, feine Stimme in uns h\u00f6ren, die aus der Tiefe unseres Bewusstseins spricht. F\u00fclle ich mein ganzes Sein, das materielle wie das geistige und seelische mit meinem wohlwollenden Bewusstsein, f\u00fchle ich mich als kompletter, kraftvoller, gesunder Mensch.<\/p>\n<blockquote>\n<h2><span style=\"color: #ffcc00;\">Das Bewusstsein bestimmt dein Sein<\/span><\/h2>\n<\/blockquote>\n<p>Sich selbst bewusst sein und die Eigenschaft &#8222;Selbstbewusstsein&#8220; geh\u00f6ren unmittelbar zusammen. Eine Kraft und Geradlinigkeit stellt sich ein, wenn ich mir \u00fcber mich und mein Wesen bewusst bin. Viele Erkenntnisse f\u00fchren auf den Weg. Viele Puzzlesteine bilden ein gro\u00dfes Ganzes. Oftmals verheddern wir uns und finden keinen Ausweg oder halten alles f\u00fcr sinnlos. In Wahrheit ist nichts sinnlos. In jeder Situation k\u00f6nnten wir Sinn finden, sch\u00e4rften wir nur unser Bewusstsein. Wir gehen durch verschiedene Tore auf unserem Weg, wir erkennen das nur oftmals nicht, weil wir die Situation unter anderen Gesichtspunkten bewerten.<\/p>\n<blockquote>\n<h2><span style=\"color: #ffcc00;\">Liebe&#8230;<\/span><\/h2>\n<\/blockquote>\n<p>&#8230;ist der Kitt, die Tr\u00e4gersubstanz, die Leitbahn, die Freude, die Nahrung f\u00fcr unsere Seele. Sind wir mit unserem Bewusstsein in der bedingungslosen Liebe und handeln wir zum Wohle aller, sind wir immer auf dem absolut richtigen Weg. Das Herz aufzuschlie\u00dfen und zu \u00f6ffnen in jedem Moment macht uns empf\u00e4nglich und empathisch. Die Welt w\u00e4re eine bessere, w\u00fcrden wir das schon von Kindesbeinen an \u00fcben. Dabei gibt es eine Form der Liebe, die emotionale Verstrickungen nicht kennt, weil sie sich an der g\u00f6ttlichen Liebe orientiert, die alles einschlie\u00dft. Wir Menschen streben nach diesem Zustand der Reinheit, m\u00fcssen dabei aber erst unser Ego besiegen. Gelingt uns das, leben wir die h\u00f6chste Form der Toleranz.<\/p>\n<p>So sind wir unser Leben lang auf einer Heldenreise. Es ist ein Entwicklungsweg mit H\u00f6hen und Tiefen. Zum Navigieren haben wir m\u00e4chtige Instrumente an der Hand derer wir uns nur bedienen m\u00fcssen. Wir haben es in unserer technisierten Welt nur leider verlernt. Der Verstand (Logos) ist dabei nicht im Weg, sondern er st\u00fctzt und verarbeitet, was wir auf allen Ebenen erleben. Beides geh\u00f6rt zusammen. Genauso wie Wissenschaft und Theologie keine sich ausschlie\u00dfenden Disziplinen sein m\u00fcssen.<\/p>\n","protected":false},"excerpt":{"rendered":"<p>Dein Weg zu dir selbst Die meisten von uns suchen ihr Heil im Au\u00dfen. Sie definieren ihr Leben nach \u00c4u\u00dferlichkeiten, definieren sich selbst \u00fcber ihre Arbeit, ihren Besitz. Sie richten ihr Leben aus nach allgemein anerkannten Werten. Das gen\u00fcgt vielen Menschen ein Leben lang oder zumindest so lange, bis sie an eine Grenze sto\u00dfen, bis &hellip; <\/p>\n<p class=\"link-more\"><a href=\"https:\/\/www.prachtklang.de\/?page_id=105\" class=\"more-link\"><span class=\"screen-reader-text\">\u201eSpiritualit\u00e4t\u201c<\/span> weiterlesen<\/a><\/p>\n","protected":false},"author":1,"featured_media":0,"parent":0,"menu_order":0,"comment_status":"closed","ping_status":"closed","template":"","meta":{"footnotes":""},"class_list":["post-105","page","type-page","status-publish","hentry"],"_links":{"self":[{"href":"https:\/\/www.prachtklang.de\/index.php?rest_route=\/wp\/v2\/pages\/105","targetHints":{"allow":["GET"]}}],"collection":[{"href":"https:\/\/www.prachtklang.de\/index.php?rest_route=\/wp\/v2\/pages"}],"about":[{"href":"https:\/\/www.prachtklang.de\/index.php?rest_route=\/wp\/v2\/types\/page"}],"author":[{"embeddable":true,"href":"https:\/\/www.prachtklang.de\/index.php?rest_route=\/wp\/v2\/users\/1"}],"replies":[{"embeddable":true,"href":"https:\/\/www.prachtklang.de\/index.php?rest_route=%2Fwp%2Fv2%2Fcomments&post=105"}],"version-history":[{"count":7,"href":"https:\/\/www.prachtklang.de\/index.php?rest_route=\/wp\/v2\/pages\/105\/revisions"}],"predecessor-version":[{"id":252,"href":"https:\/\/www.prachtklang.de\/index.php?rest_route=\/wp\/v2\/pages\/105\/revisions\/252"}],"wp:attachment":[{"href":"https:\/\/www.prachtklang.de\/index.php?rest_route=%2Fwp%2Fv2%2Fmedia&parent=105"}],"curies":[{"name":"wp","href":"https:\/\/api.w.org\/{rel}","templated":true}]}}