{"id":102,"date":"2018-04-02T16:04:23","date_gmt":"2018-04-02T14:04:23","guid":{"rendered":"http:\/\/web7.twominutes.de\/prachtklang2\/?page_id=102"},"modified":"2021-03-01T22:48:15","modified_gmt":"2021-03-01T21:48:15","slug":"workshops","status":"publish","type":"page","link":"https:\/\/www.prachtklang.de\/?page_id=102","title":{"rendered":"Workshops"},"content":{"rendered":"<blockquote>\n<h1><span style=\"color: #ff6600;\">Workshops&#8230;<\/span><\/h1>\n<\/blockquote>\n<p><span style=\"color: #ff6600;\">&#8230;\u00a0<span style=\"color: #000000;\">bieten eine Auszeit vom Alltag. Wir erleben uns an einem anderen Ort, in einem nur f\u00fcr uns bestimmten\u00a0 Zeit-Raum und haben die M\u00f6glichkeit eine andere Perspektive einzunehmen. Wir k\u00f6nnen dem nachsp\u00fcren, was in uns brennt, dem kleinen Funken in uns Aufmerksamkeit schenken, ihn zu einem veritablen Feuer werden lassen.\u00a0<\/span><\/span><\/p>\n<p>Workshops sind die ideale Gelegenheit frische Impulse, Ideen und Anregungen in den eigenen Lebenskarton zu packen und sie als nutzbare Aspekte mit nach Hause zu nehmen und das Leben damit spielerisch zu bereichern.<\/p>\n<p>Lesen Sie im Folgenden \u00fcber meine Angebote und die meiner Partnerinnen.<\/p>\n<p><em><span style=\"color: #800080;\">\u00a0<\/span><\/em><\/p>\n<blockquote>\n<h2><strong><span style=\"color: #ff6600;\">Einf\u00fchrung in den Umgang mit Klangschalen<\/span><\/strong><\/h2>\n<\/blockquote>\n<p><img loading=\"lazy\" decoding=\"async\" class=\"alignleft wp-image-295 size-medium\" src=\"https:\/\/mapra.uber.space\/wp-content\/uploads\/2018\/06\/IMG_5656-300x225.jpg\" alt=\"\" width=\"300\" height=\"225\" srcset=\"https:\/\/www.prachtklang.de\/wp-content\/uploads\/2018\/06\/IMG_5656-300x225.jpg 300w, https:\/\/www.prachtklang.de\/wp-content\/uploads\/2018\/06\/IMG_5656-768x576.jpg 768w, https:\/\/www.prachtklang.de\/wp-content\/uploads\/2018\/06\/IMG_5656-1024x768.jpg 1024w\" sizes=\"auto, (max-width: 300px) 100vw, 300px\" \/><\/p>\n<p><span style=\"font-size: 1rem;\">Es erwartet Sie eine ent-spannende Entdeckungsreise in die Welt der Kl\u00e4nge. Lernen Sie Klangschalen kennen und anwenden f\u00fcr sich selbst, Ihre Familie oder als bereichernde Erg\u00e4nzung zu Ihrem Beruf. Klangschalen\u00a0<\/span><span style=\"font-size: 1rem;\">bieten sich an f\u00fcr jeden Anlass und jede Situation in Ihrem Leben.\u00a0\u00a0<\/span><span style=\"font-size: 1rem;\">Die\u00a0 M\u00f6glichkeiten in der Anwendung sind mannigfaltig<\/span><span style=\"font-size: 1rem;\">\u00a0und einfach ausf\u00fchrbar. Das grundlegende Basiswissen wird in diesem Workshop vermittelt genauso wie der achtsame Umgang mit dem Gegen\u00fcber und Partner. In Gruppen-, wie in Einzelarbeit wird die Wahrnehmung geschult und das Geh\u00f6r trainiert.\u00a0<\/span><\/p>\n<h2><span style=\"color: #ff6600;\"><em><strong>Gesundheitspr\u00e4vention f\u00fcr K\u00f6rper, Geist und Seele<\/strong><\/em><\/span><\/h2>\n<p><span style=\"color: #ff6600;\">Techniken der Klangmassage, des K\u00f6rper-Feng Shui und der Meditation, effektive Helfer f\u00fcr den Alltag<\/span><\/p>\n<p><strong>Kosten:<\/strong> 320,00\u20ac<\/p>\n<p><strong>Du \u00fcbst in diesem Kurs:<\/strong><\/p>\n<ul>\n<li>Schulung der Wahrnehmung<\/li>\n<li>Selbsterm\u00e4chtigung und Selbstbewusstse\u00edn<\/li>\n<li>Achtsamkeit mit dir und anderen<\/li>\n<li>Techniken der Selbstanwendung<\/li>\n<li>Wertsch\u00e4tzung<\/li>\n<\/ul>\n<p><strong>Du gewinnst in diesem Kurs:<\/strong><\/p>\n<ul>\n<li>Entspannung und Ruhe<\/li>\n<li>Freude<\/li>\n<li>Leichtigkeit<\/li>\n<li>Resilienz<\/li>\n<li>Techniken der Selbsthilfe<\/li>\n<li>St\u00e4rkung des Immunsystems<\/li>\n<li>Neue Einsichten\/Betrachtungsweisen<\/li>\n<li>Gemeinsamkeit<\/li>\n<li>Impulse f\u00fcr die Gestaltung deines Lebens<\/li>\n<li>Kraft und Vertrauen<\/li>\n<li>Erfahrungen in Energiearbeit und Schwingungsmedizin<\/li>\n<li>Die Kraft des Herzens<\/li>\n<\/ul>\n<blockquote><p><span style=\"color: #ff6600;\"><b>Rezension Wein-Klang-Seminar im Fachwerkhaus<\/b><\/span><\/p><\/blockquote>\n<p>Martina Luna Pracht zeigt bei unseren gemeinsamen &#8222;Klangschalen Weinproben&#8220; einfach unglaublich viel Tiefe und Feingef\u00fchl beim Umgang mit den Klangschalen und vor allem auch mit dem Publikum. Es ist einfach eine Wonne mit ihr zu arbeiten und zu sehen, wie sie die Zuh\u00f6rer durch ihr Wissen und ihre leidenschaftliche Art begeistert.<\/p>\n<p>Andreas Waldberg<br \/>\nDASFACHWERKHAUS<\/p>\n<p><img loading=\"lazy\" decoding=\"async\" class=\"alignnone size-full wp-image-183\" src=\"http:\/\/www.prachtklang.de\/wp-content\/uploads\/2018\/06\/IMG_1805.jpg\" alt=\"\" width=\"1000\" height=\"669\" srcset=\"https:\/\/www.prachtklang.de\/wp-content\/uploads\/2018\/06\/IMG_1805.jpg 1000w, https:\/\/www.prachtklang.de\/wp-content\/uploads\/2018\/06\/IMG_1805-300x201.jpg 300w, https:\/\/www.prachtklang.de\/wp-content\/uploads\/2018\/06\/IMG_1805-768x514.jpg 768w\" sizes=\"auto, (max-width: 706px) 89vw, (max-width: 767px) 82vw, 740px\" \/><\/p>\n","protected":false},"excerpt":{"rendered":"<p>Workshops&#8230; &#8230;\u00a0bieten eine Auszeit vom Alltag. Wir erleben uns an einem anderen Ort, in einem nur f\u00fcr uns bestimmten\u00a0 Zeit-Raum und haben die M\u00f6glichkeit eine andere Perspektive einzunehmen. Wir k\u00f6nnen dem nachsp\u00fcren, was in uns brennt, dem kleinen Funken in uns Aufmerksamkeit schenken, ihn zu einem veritablen Feuer werden lassen.\u00a0 Workshops sind die ideale Gelegenheit &hellip; <\/p>\n<p class=\"link-more\"><a href=\"https:\/\/www.prachtklang.de\/?page_id=102\" class=\"more-link\"><span class=\"screen-reader-text\">\u201eWorkshops\u201c<\/span> weiterlesen<\/a><\/p>\n","protected":false},"author":1,"featured_media":0,"parent":0,"menu_order":0,"comment_status":"closed","ping_status":"closed","template":"","meta":{"footnotes":""},"class_list":["post-102","page","type-page","status-publish","hentry"],"_links":{"self":[{"href":"https:\/\/www.prachtklang.de\/index.php?rest_route=\/wp\/v2\/pages\/102","targetHints":{"allow":["GET"]}}],"collection":[{"href":"https:\/\/www.prachtklang.de\/index.php?rest_route=\/wp\/v2\/pages"}],"about":[{"href":"https:\/\/www.prachtklang.de\/index.php?rest_route=\/wp\/v2\/types\/page"}],"author":[{"embeddable":true,"href":"https:\/\/www.prachtklang.de\/index.php?rest_route=\/wp\/v2\/users\/1"}],"replies":[{"embeddable":true,"href":"https:\/\/www.prachtklang.de\/index.php?rest_route=%2Fwp%2Fv2%2Fcomments&post=102"}],"version-history":[{"count":12,"href":"https:\/\/www.prachtklang.de\/index.php?rest_route=\/wp\/v2\/pages\/102\/revisions"}],"predecessor-version":[{"id":548,"href":"https:\/\/www.prachtklang.de\/index.php?rest_route=\/wp\/v2\/pages\/102\/revisions\/548"}],"wp:attachment":[{"href":"https:\/\/www.prachtklang.de\/index.php?rest_route=%2Fwp%2Fv2%2Fmedia&parent=102"}],"curies":[{"name":"wp","href":"https:\/\/api.w.org\/{rel}","templated":true}]}}